{"id":4386,"date":"2021-03-05T21:33:54","date_gmt":"2021-03-06T00:33:54","guid":{"rendered":"https:\/\/www.appoloviracel.com.uy\/?post_type=product&#038;p=4386"},"modified":"2021-03-27T15:29:02","modified_gmt":"2021-03-27T18:29:02","slug":"teclado-genius-smart-kb-100-usb","status":"publish","type":"product","link":"https:\/\/www.appoloviracel.com.uy\/index.php\/product\/teclado-genius-smart-kb-100-usb\/","title":{"rendered":"Teclado Genius \u00abKB-100\u00bb Smart USB"},"content":{"rendered":"<h4>Caracter\u00edsticas y especificaciones:<\/h4>\n<ul>\n<li>Teclado en espa\u00f1ol (\u00d1)<\/li>\n<li>Teclado Smart KB-100<\/li>\n<li>Color: Negro.<\/li>\n<li>Interface: USB.<\/li>\n<li>Estilo de teclas: C\u00f3ncavo<\/li>\n<li>Peso: 450 grs.<\/li>\n<li>Medidas: 440,51 * 139,67 * 20,07 mm<\/li>\n<li>Windows 7, 8, 8.1, 10<\/li>\n<li>Garant\u00eda: 1 A\u00f1o contra defecto de fabricaci\u00f3n<\/li>\n<\/ul>\n<p>&nbsp;<\/p>\n<h5><strong>*Las im\u00e1genes son a modo ilustrativo.<\/strong><\/h5>\n","protected":false},"excerpt":{"rendered":"<h3><span style=\"color: #339966;\"><strong>$ 490<\/strong><\/span><\/h3>\n","protected":false},"featured_media":4387,"comment_status":"open","ping_status":"closed","template":"","meta":[],"_links":{"self":[{"href":"https:\/\/www.appoloviracel.com.uy\/index.php\/wp-json\/wp\/v2\/product\/4386"}],"collection":[{"href":"https:\/\/www.appoloviracel.com.uy\/index.php\/wp-json\/wp\/v2\/product"}],"about":[{"href":"https:\/\/www.appoloviracel.com.uy\/index.php\/wp-json\/wp\/v2\/types\/product"}],"replies":[{"embeddable":true,"href":"https:\/\/www.appoloviracel.com.uy\/index.php\/wp-json\/wp\/v2\/comments?post=4386"}],"wp:featuredmedia":[{"embeddable":true,"href":"https:\/\/www.appoloviracel.com.uy\/index.php\/wp-json\/wp\/v2\/media\/4387"}],"wp:attachment":[{"href":"https:\/\/www.appoloviracel.com.uy\/index.php\/wp-json\/wp\/v2\/media?parent=4386"}],"curies":[{"name":"wp","href":"https:\/\/api.w.org\/{rel}","templated":true}]}}