{"id":43850,"date":"2025-05-27T17:27:27","date_gmt":"2025-05-27T20:27:27","guid":{"rendered":"https:\/\/www.appoloviracel.com.uy\/?post_type=product&#038;p=43850"},"modified":"2026-03-17T22:07:55","modified_gmt":"2026-03-18T01:07:55","slug":"celular-samsung-galaxy-s25-256gb-12gb","status":"publish","type":"product","link":"https:\/\/www.appoloviracel.com.uy\/index.php\/product\/celular-samsung-galaxy-s25-256gb-12gb\/","title":{"rendered":"Celular Samsung \u00abGalaxy s25\u00bb (256Gb-12Gb)"},"content":{"rendered":"<h2>Caracter\u00edsticas y especificaciones:<\/h2>\n<p>El <strong>Samsung Galaxy s25<\/strong> cuenta con una pantalla Dynamic AMOLED 2X de 6.2 pulgadas con resoluci\u00f3n FHD+ y tasa de refresco de 120Hz. Potenciado por un procesador Snapdragon 8 Elite for Galaxy; \u00a0el Galaxy s25 ahora tiene una \u00fanica variante con 12GB de RAM y 256GB de almacenamiento. La c\u00e1mara triple se repite este a\u00f1o, con un sensor principal de 50MP, un lente ultrawide de 12MP y una c\u00e1mara telefoto de 10MP con zoom 3x y la c\u00e1mara frontal es de 12MP. El Galaxy s25 se alimenta de una bater\u00eda de 4.000 mAh con soporte para carga r\u00e1pida, y completa sus caracter\u00edsticas con parlantes stereo, lector de huellas bajo la pantalla, protecci\u00f3n contra polvo y agua y Android 15.<\/p>\n<ul>\n<li>Pantalla: 6.2&#8243;, 1080 * 2340 pixeles<\/li>\n<li>Procesador: Snapdragon 8 Elite for Galaxy 4.47GHz<\/li>\n<li>Memoria RAM: 12GB<\/li>\n<li>Almacenamiento: 256GB<\/li>\n<li>Expansi\u00f3n: sin microSD<\/li>\n<li>C\u00e1mara: Triple, 50MP+12MP +10MP<\/li>\n<li>Bater\u00eda: 4.000 mAh<\/li>\n<li>OS: Android 15<\/li>\n<li>Perfil: 7.2 mm<\/li>\n<li>Peso: 162 grs.<\/li>\n<li>Se incluyen los siguientes accesorios: <strong>Cargador y Manual<\/strong><\/li>\n<li><strong>Garant\u00eda:<\/strong> 12 meses contra defecto de fabricaci\u00f3n<\/li>\n<\/ul>\n<h4><\/h4>\n<h4><span style=\"color: #ff0000;\"><strong>Contado efectivo: 10% de Descuento<\/strong><\/span><\/h4>\n<h5><strong>*Las im\u00e1genes son a modo ilustrativo.<\/strong><\/h5>\n","protected":false},"excerpt":{"rendered":"<h3><span style=\"color: #339966;\"><strong>U$S 1.020<\/strong><\/span><\/h3>\n","protected":false},"featured_media":43851,"comment_status":"open","ping_status":"closed","template":"","meta":[],"_links":{"self":[{"href":"https:\/\/www.appoloviracel.com.uy\/index.php\/wp-json\/wp\/v2\/product\/43850"}],"collection":[{"href":"https:\/\/www.appoloviracel.com.uy\/index.php\/wp-json\/wp\/v2\/product"}],"about":[{"href":"https:\/\/www.appoloviracel.com.uy\/index.php\/wp-json\/wp\/v2\/types\/product"}],"replies":[{"embeddable":true,"href":"https:\/\/www.appoloviracel.com.uy\/index.php\/wp-json\/wp\/v2\/comments?post=43850"}],"wp:featuredmedia":[{"embeddable":true,"href":"https:\/\/www.appoloviracel.com.uy\/index.php\/wp-json\/wp\/v2\/media\/43851"}],"wp:attachment":[{"href":"https:\/\/www.appoloviracel.com.uy\/index.php\/wp-json\/wp\/v2\/media?parent=43850"}],"curies":[{"name":"wp","href":"https:\/\/api.w.org\/{rel}","templated":true}]}}