{"id":43840,"date":"2025-05-24T18:04:41","date_gmt":"2025-05-24T21:04:41","guid":{"rendered":"https:\/\/www.appoloviracel.com.uy\/?post_type=product&#038;p=43840"},"modified":"2025-06-19T18:46:57","modified_gmt":"2025-06-19T21:46:57","slug":"mouse-meetion-m915-gamer","status":"publish","type":"product","link":"https:\/\/www.appoloviracel.com.uy\/index.php\/product\/mouse-meetion-m915-gamer\/","title":{"rendered":"Mouse Meetion \u00abM915\u00bb Gamer"},"content":{"rendered":"<h2>Caracter\u00edsticas y especificaciones:<\/h2>\n<p>Aspecto atractivo y dise\u00f1ado para jugar. El dise\u00f1o aerodin\u00e1mico mejora el agarre. Sensor \u00f3ptico de alta resoluci\u00f3n de 2400 ppp, la resoluci\u00f3n se puede cambiar mediante el software del controlador. La retroiluminaci\u00f3n y las teclas adicionales te permiten disfrutar de la comodidad del control en cualquier juego. Los sensores de juego funcionan en cualquier superficie. El bot\u00f3n de cambio de DPI le permite ajustar la velocidad del movimiento del mouse y un indicador de color le recuerda qu\u00e9 configuraciones est\u00e1n actualmente en uso. El dise\u00f1o del bot\u00f3n a la izquierda puede ayudarlo a avanzar o retroceder r\u00e1pidamente. El mejor dise\u00f1o ergon\u00f3mico y el tratamiento de la superficie pueden satisfacer la b\u00fasqueda de los jugadores por la sensaci\u00f3n y el rendimiento de la mano, mejorar en gran medida la eficiencia de la operaci\u00f3n y garantizar una vida \u00fatil m\u00e1s larga.<\/p>\n<ul>\n<li>Dise\u00f1o sim\u00e9trico ergon\u00f3mico para la mano derecha \/ izquierda: tacto suave; dos botones de navegaci\u00f3n adicionales (Adelante y Atr\u00e1s); Resoluci\u00f3n del interruptor DPI; Sensor \u00f3ptico de precisi\u00f3n<\/li>\n<li>Tipo de mouse: \u00f3ptico con cable<\/li>\n<li>Compatibilidad con SO: Windows XP \/ Vista \/ 7\/8\/10<\/li>\n<li>N\u00famero de teclas: 5 + 1 (rueda de desplazamiento)<\/li>\n<li>Resoluci\u00f3n: 800\/1200\/1600\/2400 (Sensores: A704 \u00f3ptico)<\/li>\n<li>Interfaz: USB<\/li>\n<li>Tiempo de ejecuci\u00f3n sin errores, golpes: m\u00e1s de 3,000,000<\/li>\n<li>Longitud del cable: 1.50 m<\/li>\n<li>Dimensi\u00f3n: 135 \u00d7 73 \u00d7 42 mm<\/li>\n<li>Peso: 140grs.<\/li>\n<li>Detecci\u00f3n \u00f3ptica de alta resoluci\u00f3n de 2.400 ppp<\/li>\n<\/ul>\n<p><strong>\u00a0<\/strong><\/p>\n<h5><strong>*Las im\u00e1genes son a modo ilustrativo.<\/strong><\/h5>\n","protected":false},"excerpt":{"rendered":"<h3><strong><span style=\"color: #339966;\">$ 350<\/span> <\/strong><\/h3>\n","protected":false},"featured_media":43841,"comment_status":"open","ping_status":"closed","template":"","meta":[],"_links":{"self":[{"href":"https:\/\/www.appoloviracel.com.uy\/index.php\/wp-json\/wp\/v2\/product\/43840"}],"collection":[{"href":"https:\/\/www.appoloviracel.com.uy\/index.php\/wp-json\/wp\/v2\/product"}],"about":[{"href":"https:\/\/www.appoloviracel.com.uy\/index.php\/wp-json\/wp\/v2\/types\/product"}],"replies":[{"embeddable":true,"href":"https:\/\/www.appoloviracel.com.uy\/index.php\/wp-json\/wp\/v2\/comments?post=43840"}],"wp:featuredmedia":[{"embeddable":true,"href":"https:\/\/www.appoloviracel.com.uy\/index.php\/wp-json\/wp\/v2\/media\/43841"}],"wp:attachment":[{"href":"https:\/\/www.appoloviracel.com.uy\/index.php\/wp-json\/wp\/v2\/media?parent=43840"}],"curies":[{"name":"wp","href":"https:\/\/api.w.org\/{rel}","templated":true}]}}