{"id":43833,"date":"2025-05-23T17:10:27","date_gmt":"2025-05-23T20:10:27","guid":{"rendered":"https:\/\/www.appoloviracel.com.uy\/?post_type=product&#038;p=43833"},"modified":"2026-02-12T15:39:44","modified_gmt":"2026-02-12T18:39:44","slug":"lapiz-roca-rc-lt-01-optico-capacitivo-para-pantalla-tactil","status":"publish","type":"product","link":"https:\/\/www.appoloviracel.com.uy\/index.php\/product\/lapiz-roca-rc-lt-01-optico-capacitivo-para-pantalla-tactil\/","title":{"rendered":"L\u00e1piz ROCA \u00abRC-LT-01\u00bb \u00d3ptico capacitivo para pantalla t\u00e1ctil"},"content":{"rendered":"<h2>Caracter\u00edsticas y especificaciones:<\/h2>\n<ul>\n<li>Sistemas operativos compatibles: Android, Windows, iOS<\/li>\n<li>Tipo de l\u00e1piz \u00f3ptico: Capacitivo<\/li>\n<li>Tipo de bater\u00eda: Recargable<\/li>\n<li>Entrada. DC5V, 100mA<\/li>\n<li>Tiempo de carga: 2 horas<\/li>\n<li>Puerto de carga : Micro USB<\/li>\n<li>Largo: 17 cm<\/li>\n<li>Ancho: 9 mm<\/li>\n<\/ul>\n<h5><strong>\u00a0<\/strong><\/h5>\n<h5><strong>*Las im\u00e1genes son a modo ilustrativo<\/strong><strong>.<\/strong><\/h5>\n","protected":false},"excerpt":{"rendered":"<h3><span style=\"color: #339966;\"><strong>$ 750<\/strong><\/span><\/h3>\n","protected":false},"featured_media":43834,"comment_status":"open","ping_status":"closed","template":"","meta":[],"_links":{"self":[{"href":"https:\/\/www.appoloviracel.com.uy\/index.php\/wp-json\/wp\/v2\/product\/43833"}],"collection":[{"href":"https:\/\/www.appoloviracel.com.uy\/index.php\/wp-json\/wp\/v2\/product"}],"about":[{"href":"https:\/\/www.appoloviracel.com.uy\/index.php\/wp-json\/wp\/v2\/types\/product"}],"replies":[{"embeddable":true,"href":"https:\/\/www.appoloviracel.com.uy\/index.php\/wp-json\/wp\/v2\/comments?post=43833"}],"wp:featuredmedia":[{"embeddable":true,"href":"https:\/\/www.appoloviracel.com.uy\/index.php\/wp-json\/wp\/v2\/media\/43834"}],"wp:attachment":[{"href":"https:\/\/www.appoloviracel.com.uy\/index.php\/wp-json\/wp\/v2\/media?parent=43833"}],"curies":[{"name":"wp","href":"https:\/\/api.w.org\/{rel}","templated":true}]}}