{"id":43829,"date":"2025-05-22T18:04:29","date_gmt":"2025-05-22T21:04:29","guid":{"rendered":"https:\/\/www.appoloviracel.com.uy\/?post_type=product&#038;p=43829"},"modified":"2025-06-17T19:33:58","modified_gmt":"2025-06-17T22:33:58","slug":"cable-vention-usb-c-to-hdmi-15metros","status":"publish","type":"product","link":"https:\/\/www.appoloviracel.com.uy\/index.php\/product\/cable-vention-usb-c-to-hdmi-15metros\/","title":{"rendered":"Cable Vention USB-C to HDMI (1,5Metros)"},"content":{"rendered":"<h2>Caracter\u00edsticas y especificaciones:<\/h2>\n<ul>\n<li>Modelo: Vention CGSBH<\/li>\n<li>Conector 1: USB Tipo-C macho<\/li>\n<li>Conector 2: HDMI macho<\/li>\n<li>Longitud del cable: 1,5 metros<\/li>\n<li>Resoluci\u00f3n m\u00e1xima: 4K a 60 Hz<\/li>\n<li>Dise\u00f1o ergon\u00f3mico y duradero: El cable Vention HDMI combina un dise\u00f1o ergon\u00f3mico con una construcci\u00f3n robusta para una amplia vida \u00fatil.<\/li>\n<li>Cable trenzado de nailon resistente: Construido con un cable trenzado de nailon, este adaptador Vention asegura durabilidad y resistencia a la abrasi\u00f3n.<\/li>\n<li>Cable HDMI Vention 4Ka60Hz: Experimenta una resoluci\u00f3n n\u00edtida con el cable HDMI Vention 4K a 60Hz, ideal para una visualizaci\u00f3n de alta calidad.<\/li>\n<li>Compatibilidad amplia con dispositivos: El cable Vention HDMI es compatible con una variedad de dispositivos, incluidos MacBook y Huawei Mate.<\/li>\n<li>Conexi\u00f3n Plug and Play: Disfruta de una conexi\u00f3n inmediata sin necesidad de software adicional con el adaptador Vention USB C a HDMI.<\/li>\n<li>Compatibilidad de audio: S\u00ed, compatible con audio de alta definici\u00f3n<\/li>\n<li>Material: Carcasa met\u00e1lica negra para mayor durabilidad<\/li>\n<li>Uso: Ideal para conectar dispositivos USB Tipo-C a pantallas HDMI para duplicaci\u00f3n de video, presentaciones, juegos o reproducci\u00f3n multimedia.<\/li>\n<\/ul>\n<p>&nbsp;<\/p>\n<h5><strong>*Las im\u00e1genes son a modo ilustrativo.<\/strong><\/h5>\n","protected":false},"excerpt":{"rendered":"<h3><strong><span style=\"font-family: 'Cambria','serif'; color: #339966;\">$ 890<\/span><\/strong><\/h3>\n","protected":false},"featured_media":43830,"comment_status":"open","ping_status":"closed","template":"","meta":[],"_links":{"self":[{"href":"https:\/\/www.appoloviracel.com.uy\/index.php\/wp-json\/wp\/v2\/product\/43829"}],"collection":[{"href":"https:\/\/www.appoloviracel.com.uy\/index.php\/wp-json\/wp\/v2\/product"}],"about":[{"href":"https:\/\/www.appoloviracel.com.uy\/index.php\/wp-json\/wp\/v2\/types\/product"}],"replies":[{"embeddable":true,"href":"https:\/\/www.appoloviracel.com.uy\/index.php\/wp-json\/wp\/v2\/comments?post=43829"}],"wp:featuredmedia":[{"embeddable":true,"href":"https:\/\/www.appoloviracel.com.uy\/index.php\/wp-json\/wp\/v2\/media\/43830"}],"wp:attachment":[{"href":"https:\/\/www.appoloviracel.com.uy\/index.php\/wp-json\/wp\/v2\/media?parent=43829"}],"curies":[{"name":"wp","href":"https:\/\/api.w.org\/{rel}","templated":true}]}}