{"id":43807,"date":"2025-05-15T20:45:08","date_gmt":"2025-05-15T23:45:08","guid":{"rendered":"https:\/\/www.appoloviracel.com.uy\/?post_type=product&#038;p=43807"},"modified":"2025-06-09T20:51:00","modified_gmt":"2025-06-09T23:51:00","slug":"notebook-chuwi-gemibook-xpro-14-1pulgadas-8gb-256gb","status":"publish","type":"product","link":"https:\/\/www.appoloviracel.com.uy\/index.php\/product\/notebook-chuwi-gemibook-xpro-14-1pulgadas-8gb-256gb\/","title":{"rendered":"Notebook Chuwi \u00abGemiBook\u00bb XPro 14.1pulgadas (8Gb-256Gb)"},"content":{"rendered":"<h2>Caracter\u00edsticas y especificaciones:<\/h2>\n<ul>\n<li>Pantalla de 14,1 pulgadas: Disfruta de una experiencia visual vibrante con la pantalla de 14,1 pulgadas 1080P con relaci\u00f3n de aspecto 16:9, este ordenador port\u00e1til ofrece una precisi\u00f3n de color y un contraste excepcional, haciendo que cada detalle destaque.<\/li>\n<li>Procesador Intel N100: Construido con un procesador con una velocidad m\u00e1xima de 3,4 GHz junto con 4 subprocesos de cuatro n\u00facleos, puedes disfrutar de una experiencia ideal us\u00e1ndolo con juegos livianos, navegaci\u00f3n web y edici\u00f3n de video.<\/li>\n<li>Mejor interacci\u00f3n: La combinaci\u00f3n de teclado de tama\u00f1o completo y el gran panel t\u00e1ctil tambi\u00e9n proporcionan una forma intuitiva y eficiente de trabajar con tu dispositivo, lo que facilita su uso o disfrute de contenido multimedia.<\/li>\n<li>RAM de 8 GB + SSD 256 GB: Con 8 GB de RAM DDR5 y un SSD interno de 256 GB, destaca por tener una velocidad de lectura y escritura impresionante, adem\u00e1s el espacio de almacenamiento se puede actualizar con una ranura M.2 (m\u00e1ximo 1 TB). No lleva ranura para Tarjeta externa.<\/li>\n<li>Protecci\u00f3n de la privacidad: El dise\u00f1o con el interruptor f\u00edsico de la c\u00e1mara web es una caracter\u00edstica esencial que puede proteger su privacidad contra posibles amenazas cibern\u00e9ticas y le permite tener control total total sobre su uso.<\/li>\n<\/ul>\n<p>&nbsp;<\/p>\n<ul>\n<li>Sistema Operativo: Windows 11 Home<\/li>\n<li>Pantalla: 14.1pulgada,1920*1080,16:9, 250cd\/m2<\/li>\n<li>Procesador: Intel Alder-N N100 10nm<\/li>\n<li>Frecuencia Principal: 0.8GHz,<\/li>\n<li>Turbo frecuencia: 3.4GHz,<\/li>\n<li>4 N\u00facleos 4 hilos<\/li>\n<li>Gr\u00e1ficos: Gr\u00e1ficos Intel UHD para procesadores Intel de 12.\u00aa generaci\u00f3n<\/li>\n<li>Salida de Video: 4k 60Ghz<\/li>\n<li>Almacenamiento interno: SSD 256GB (1 slot M.2) Sata3, 2280 , Ampliar max. 1TB<\/li>\n<li>Memoria RAM: 8GB LPDDR5 (\u00fanico canal)<\/li>\n<li>Camara Frontal: 200W (con interruptor f\u00edsico)<\/li>\n<li>Bater\u00eda: 38Wh (7.6V\/5000MA)<\/li>\n<li>Puerto carga DC: S\u00ed<\/li>\n<li>Carga: \u00a0 12V\/3A<\/li>\n<li>Dimensi\u00f3n: 323.4*219.9*19.9 (H)mm<\/li>\n<li>Peso: Aprox. 1.460 Kg<\/li>\n<li>Puerto Tipo C: 3.0 Solo Datos<\/li>\n<li>Puerto USB: Usb-A 3.0<\/li>\n<li>HDMI: Tipo A 1.4<\/li>\n<li>Puerto Jack Audio: 3.5mm Jack<\/li>\n<li>Micr\u00f3fono: integrado<\/li>\n<li>Altavoces: 8R\/1W *2PCS<\/li>\n<li>Wifi: WiFi6 802.11ax Ax101<\/li>\n<li>Bluetooth: 5.2<\/li>\n<li>Teclado: Sin retroiluminaci\u00f3n, en ingl\u00e9s, (se env\u00eda silicona o pegatinas en espa\u00f1ol)<\/li>\n<li>Inclu\u00eddo en la caja: adaptador de corriente 12V\/3A DC<\/li>\n<li>Cable de 1.8m<\/li>\n<li>Garant\u00eda: 6 meses contra defecto de fabricaci\u00f3n<\/li>\n<\/ul>\n<h4><\/h4>\n<h4><span style=\"color: #ff0000;\"><strong>Contado efectivo: 10% de Descuento<\/strong><\/span><\/h4>\n<h5><strong>\u00a0*Las im\u00e1genes son a modo ilustrativo.<\/strong><\/h5>\n","protected":false},"excerpt":{"rendered":"<h3><span style=\"color: #339966;\"><strong>U$S 335<\/strong><\/span><\/h3>\n","protected":false},"featured_media":43808,"comment_status":"open","ping_status":"closed","template":"","meta":[],"_links":{"self":[{"href":"https:\/\/www.appoloviracel.com.uy\/index.php\/wp-json\/wp\/v2\/product\/43807"}],"collection":[{"href":"https:\/\/www.appoloviracel.com.uy\/index.php\/wp-json\/wp\/v2\/product"}],"about":[{"href":"https:\/\/www.appoloviracel.com.uy\/index.php\/wp-json\/wp\/v2\/types\/product"}],"replies":[{"embeddable":true,"href":"https:\/\/www.appoloviracel.com.uy\/index.php\/wp-json\/wp\/v2\/comments?post=43807"}],"wp:featuredmedia":[{"embeddable":true,"href":"https:\/\/www.appoloviracel.com.uy\/index.php\/wp-json\/wp\/v2\/media\/43808"}],"wp:attachment":[{"href":"https:\/\/www.appoloviracel.com.uy\/index.php\/wp-json\/wp\/v2\/media?parent=43807"}],"curies":[{"name":"wp","href":"https:\/\/api.w.org\/{rel}","templated":true}]}}