{"id":43801,"date":"2025-05-14T17:05:45","date_gmt":"2025-05-14T20:05:45","guid":{"rendered":"https:\/\/www.appoloviracel.com.uy\/?post_type=product&#038;p=43801"},"modified":"2025-06-07T15:07:53","modified_gmt":"2025-06-07T18:07:53","slug":"auricular-vidvie-bt887-active-noise-cancelling-anc-bluetooth","status":"publish","type":"product","link":"https:\/\/www.appoloviracel.com.uy\/index.php\/product\/auricular-vidvie-bt887-active-noise-cancelling-anc-bluetooth\/","title":{"rendered":"Auricular Vidvie \u00abBT887\u00bb Active Noise Cancelling &#8211; ANC (Bluetooth)"},"content":{"rendered":"<h2>Caracter\u00edsticas y especificaciones:<\/h2>\n<ul>\n<li>Los auriculares inal\u00e1mbricos VIDVIE BT887 ofrecen una experiencia auditiva de alta calidad gracias a su dise\u00f1o ergon\u00f3mico tipo c\u00e1psula espacial y tecnolog\u00eda avanzada de cancelaci\u00f3n activa de ruido (ANC). Ideales para usuarios que buscan sonido n\u00edtido y comodidad durante todo el d\u00eda<\/li>\n<li>Conectividad: Bluetooth 5.3 con alcance de hasta 10 metros.\u200b<\/li>\n<li>Modos de uso: Tres opciones: cancelaci\u00f3n de ruido, transparencia y normal.\u200b<\/li>\n<li>Cancelaci\u00f3n de ruido: Profundidad de hasta -25dB para una experiencia inmersiva.<\/li>\n<li>Bater\u00eda: Estuche de carga: 350 mAh; Auriculares: 30 mAh cada uno; Tiempo de carga: Estuche ~2 horas, auriculares ~1 hora; Autonom\u00eda: 5-6 horas de reproducci\u00f3n de m\u00fasica al 80% de volumen; Interfaz de carga: USB tipo C y compatible con carga inal\u00e1mbrica.\u200b<\/li>\n<li>Dise\u00f1o: Efectos de iluminaci\u00f3n ambiental brillantes y estructura ergon\u00f3mica para uso prolongado.\u200b<\/li>\n<li>Beneficios: Calidad de sonido superior: Altavoces de 13 mm que proporcionan audio claro y equilibrado; Comodidad: Dise\u00f1o ergon\u00f3mico que asegura un ajuste seguro y c\u00f3modo; Versatilidad: Modos ajustables para adaptarse a diferentes entornos y preferencias.\u200b<\/li>\n<\/ul>\n<p>&nbsp;<\/p>\n<ul>\n<li>Cancelaci\u00f3n Activa de Ruido | ANC<\/li>\n<li>Bluetooth: BT 5.3<\/li>\n<li>Distancia de transmisi\u00f3n: 10 m<\/li>\n<li>Caja de la bater\u00eda: 400 mAh<\/li>\n<li>Tiempo de carga: 1.5 horas<\/li>\n<li>Interfaz de carga: tipo C<\/li>\n<li>Bater\u00eda del auricular: 30 mAh<\/li>\n<li>Tiempo de carga: 1 hr<\/li>\n<li>Tiempo de reproducci\u00f3n: 5 hs<\/li>\n<li>Disponible en color Blanco y Negro<\/li>\n<\/ul>\n<h5><strong>\u00a0<\/strong><\/h5>\n<h5><strong>*Las im\u00e1genes son a modo ilustrativo<\/strong><strong>.<\/strong><\/h5>\n","protected":false},"excerpt":{"rendered":"<h3><span style=\"color: #339966;\"><strong>$ 1.690<\/strong><\/span><\/h3>\n","protected":false},"featured_media":43802,"comment_status":"open","ping_status":"closed","template":"","meta":[],"_links":{"self":[{"href":"https:\/\/www.appoloviracel.com.uy\/index.php\/wp-json\/wp\/v2\/product\/43801"}],"collection":[{"href":"https:\/\/www.appoloviracel.com.uy\/index.php\/wp-json\/wp\/v2\/product"}],"about":[{"href":"https:\/\/www.appoloviracel.com.uy\/index.php\/wp-json\/wp\/v2\/types\/product"}],"replies":[{"embeddable":true,"href":"https:\/\/www.appoloviracel.com.uy\/index.php\/wp-json\/wp\/v2\/comments?post=43801"}],"wp:featuredmedia":[{"embeddable":true,"href":"https:\/\/www.appoloviracel.com.uy\/index.php\/wp-json\/wp\/v2\/media\/43802"}],"wp:attachment":[{"href":"https:\/\/www.appoloviracel.com.uy\/index.php\/wp-json\/wp\/v2\/media?parent=43801"}],"curies":[{"name":"wp","href":"https:\/\/api.w.org\/{rel}","templated":true}]}}