{"id":43784,"date":"2025-05-07T17:06:37","date_gmt":"2025-05-07T20:06:37","guid":{"rendered":"https:\/\/www.appoloviracel.com.uy\/?post_type=product&#038;p=43784"},"modified":"2025-05-31T16:06:15","modified_gmt":"2025-05-31T19:06:15","slug":"mouse-meetion-r571-bluetooth","status":"publish","type":"product","link":"https:\/\/www.appoloviracel.com.uy\/index.php\/product\/mouse-meetion-r571-bluetooth\/","title":{"rendered":"Mouse Meetion \u00abR571\u00bb Bluetooth"},"content":{"rendered":"<h2>Caracter\u00edsticas y especificaciones:<\/h2>\n<h6><strong>Rat\u00f3n inal\u00e1mbrico 2.4G: comodidad y precisi\u00f3n combinadas<\/strong><\/h6>\n<p>Presentamos el rat\u00f3n inal\u00e1mbrico R571 2.4G: \u00a1el compa\u00f1ero perfecto para la productividad y la creatividad! Con un robusto alcance inal\u00e1mbrico de 10 metros y ajustes de DPI (1000, 1200 y 1600) para satisfacer todas tus necesidades de dise\u00f1o y oficina, este rat\u00f3n ofrece conectividad y versatilidad sin interrupciones. Dise\u00f1ado pensando en la ergonom\u00eda, su parte superior lisa y redondeada garantiza un agarre c\u00f3modo para un uso prolongado, mientras que su acabado mate premium ofrece una sensaci\u00f3n suave y agradable al tacto. Disfruta de un espacio de trabajo sin distracciones con botones silenciosos y rueda de desplazamiento, y experimenta una configuraci\u00f3n sencilla gracias a la compatibilidad plug-and-play para Windows y Mac. El chip de bajo consumo y la tecnolog\u00eda inteligente de ahorro de energ\u00eda minimizan el consumo de bater\u00eda, y el receptor USB, de ingenioso dise\u00f1o, se guarda c\u00f3modamente en la base del rat\u00f3n, evitando p\u00e9rdidas. Mejora tu experiencia de trabajo con el rat\u00f3n inal\u00e1mbrico R571 2.4G<\/p>\n<p>Perfecto para:<\/p>\n<ul>\n<li>Uso en oficina: Ideal para las tareas diarias de oficina, con un agarre c\u00f3modo y un funcionamiento silencioso.<\/li>\n<li>Profesionales en movimiento: Su tama\u00f1o compacto y su dise\u00f1o elegante lo convierten en el compa\u00f1ero de viaje perfecto.<\/li>\n<li>Tareas creativas: Tanto si dise\u00f1a como si edita, el DPI ajustable garantiza un control preciso.<\/li>\n<li>Informaci\u00f3n adicional: El rat\u00f3n inal\u00e1mbrico Meetion R571 ofrece un rendimiento fiable con funciones de ahorro de energ\u00eda que prolongan la duraci\u00f3n de la bater\u00eda. Su dise\u00f1o ergon\u00f3mico garantiza comodidad durante largos periodos de uso, mientras que su funcionamiento silencioso facilita la concentraci\u00f3n en cualquier entorno. Con su dise\u00f1o moderno y portabilidad, el R571 ofrece funcionalidad y estilo para usuarios m\u00f3viles.<\/li>\n<\/ul>\n<p>&nbsp;<\/p>\n<ul>\n<li>Modelo: MT-R571<\/li>\n<li>Tipo de conexi\u00f3n: Inal\u00e1mbrica de 2,4 GHz<\/li>\n<li>DPI: 1000\/1200\/1600<\/li>\n<li>Bater\u00eda: Pila AA (no incluida)<\/li>\n<li>N\u00famero de teclas: 4<\/li>\n<li>Alcance del receptor USB: Hasta 10 metros<\/li>\n<li>Tasa de sondeo: 250 Hz<\/li>\n<li>Dimensiones: 106 * 63 * 38,5 mm<\/li>\n<li>Peso: 52 \u00b1 5 grs.<\/li>\n<li>Compatibilidad: Windows XP, Vista, 7, 8, 10, 11 y Mac OS<\/li>\n<li>Disponible en color Rosa, Negro y Celeste<\/li>\n<\/ul>\n<h5><\/h5>\n<h5><strong>*Las im\u00e1genes son a modo ilustrativo.<\/strong><\/h5>\n","protected":false},"excerpt":{"rendered":"<h3><span style=\"color: #339966;\"><strong>$ 450<\/strong><\/span><\/h3>\n","protected":false},"featured_media":43785,"comment_status":"open","ping_status":"closed","template":"","meta":[],"_links":{"self":[{"href":"https:\/\/www.appoloviracel.com.uy\/index.php\/wp-json\/wp\/v2\/product\/43784"}],"collection":[{"href":"https:\/\/www.appoloviracel.com.uy\/index.php\/wp-json\/wp\/v2\/product"}],"about":[{"href":"https:\/\/www.appoloviracel.com.uy\/index.php\/wp-json\/wp\/v2\/types\/product"}],"replies":[{"embeddable":true,"href":"https:\/\/www.appoloviracel.com.uy\/index.php\/wp-json\/wp\/v2\/comments?post=43784"}],"wp:featuredmedia":[{"embeddable":true,"href":"https:\/\/www.appoloviracel.com.uy\/index.php\/wp-json\/wp\/v2\/media\/43785"}],"wp:attachment":[{"href":"https:\/\/www.appoloviracel.com.uy\/index.php\/wp-json\/wp\/v2\/media?parent=43784"}],"curies":[{"name":"wp","href":"https:\/\/api.w.org\/{rel}","templated":true}]}}