{"id":43778,"date":"2025-05-06T21:56:27","date_gmt":"2025-05-07T00:56:27","guid":{"rendered":"https:\/\/www.appoloviracel.com.uy\/?post_type=product&#038;p=43778"},"modified":"2025-05-30T19:16:55","modified_gmt":"2025-05-30T22:16:55","slug":"teclado-meetion-btk001-plegable-bluetooth","status":"publish","type":"product","link":"https:\/\/www.appoloviracel.com.uy\/index.php\/product\/teclado-meetion-btk001-plegable-bluetooth\/","title":{"rendered":"Teclado Meetion \u00abBTK001\u00bb Plegable Bluetooth"},"content":{"rendered":"<h2>Caracter\u00edsticas y especificaciones:<\/h2>\n<p>BTK001 teclado plegable Bluetooth, peque\u00f1o y port\u00e1til, f\u00e1cil de transportar, se puede guardar f\u00e1cilmente en bolsos, bolsillos, etc., no ocupa espacio, dise\u00f1o ergon\u00f3mico, para satisfacer las necesidades de la oficina comercial, mejora en gran medida la eficiencia de operaci\u00f3n, para garantizar una vida \u00fatil m\u00e1s larga. El c\u00f3modo bot\u00f3n de silencio, ya sea en una oficina tranquila, estudiando en la biblioteca o trabajando hasta altas horas de la noche, crear\u00e1 un ambiente c\u00f3modo para usted. Adecuado para la oficina, la familia, la recreaci\u00f3n al aire libre y otras ocasiones, se adapta f\u00e1cilmente a una variedad de ocasiones, el revestimiento c\u00f3modo y suave al tacto le permite sentirse feliz durante mucho tiempo. Conexi\u00f3n Bluetooth r\u00e1pida con port\u00e1tiles, tablets, tel\u00e9fonos m\u00f3viles y ordenadores de sobremesa con m\u00f3dulos Bluetooth.<\/p>\n<ul>\n<li>AUTO WAKE \/ SLEEP: Teclado plegable Bluetooth 3; Inducci\u00f3n magn\u00e9tica sensible, despertador autom\u00e1tico para ahorrar energ\u00eda.<\/li>\n<li>Estuche r\u00edgido port\u00e1til de alta calidad: Teclado plegable Bluetooth 4; La caja de color adopta un dise\u00f1o de caja dura tipo regalo, el teclado usa una bolsa de franela para envolver, una fuerte protecci\u00f3n.<\/li>\n<li>WHISPERED OUITE TYPING &amp; CLICKING: Teclado plegable Bluetooth 7; El teclado utiliza un dise\u00f1o silencioso, incluso si trabaja hasta altas horas de la noche, no molestar\u00e1 a los dem\u00e1s para que descansen, siempre crear\u00e1 un ambiente c\u00f3modo para usted.<\/li>\n<li>TYPE-C RECHARGEABLE: Teclado plegable Bluetooth 11; Se puede conectar a tel\u00e9fonos m\u00f3viles, tabletas, computadoras port\u00e1tiles y otros dispositivos inteligentes, conexi\u00f3n efectiva dentro de los 10 metros.<\/li>\n<\/ul>\n<p>&nbsp;<\/p>\n<ul>\n<li>Conexi\u00f3n Bluetooth: Se puede conectar a tel\u00e9fonos m\u00f3viles, tabletas, computadoras port\u00e1tiles y otros dispositivos inteligentes, conexi\u00f3n efectiva dentro de los 10 metros.<\/li>\n<li>Dise\u00f1o plegable, f\u00e1cil de llevar: Peque\u00f1o y port\u00e1til, f\u00e1cil de transportar, se puede guardar f\u00e1cilmente en bolsos, bolsillos, etc., no ocupa espacio.<\/li>\n<li>Dise\u00f1o de bot\u00f3n mudo: Las teclas del teclado est\u00e1n dise\u00f1adas en silencio, ya sea en una oficina tranquila, estudiar en la biblioteca o trabajar hasta altas horas de la noche crear\u00e1 un entorno c\u00f3modo para ti.<\/li>\n<li>Puerto de carga TIPO C: Aproximadamente 27 horas de tiempo de escucha o 23 horas de conversaci\u00f3n y aproximadamente 12,5 d\u00edas de tiempo de espera. Carga r\u00e1pida a trav\u00e9s de Type-C, el tiempo de carga es de aproximadamente 2 horas.<\/li>\n<li>Bater\u00eda incorporada: La nueva generaci\u00f3n de tecnolog\u00eda de ahorro de energ\u00eda de baja potencia, m\u00e1s ahorro de energ\u00eda y beneficios para la protecci\u00f3n del medio ambiente.<\/li>\n<li>Sistema compatible: Sistema compatible Win XP\/7\/8\/10\/11, Vista, MAC OS.<\/li>\n<li>Disponible en color Rosa y Negro<\/li>\n<\/ul>\n<h5><\/h5>\n<h5><strong>*Las im\u00e1genes son a modo ilustrativo.<\/strong><\/h5>\n","protected":false},"excerpt":{"rendered":"<h3><span style=\"color: #339966;\"><strong>$ 1.050<\/strong><\/span><\/h3>\n","protected":false},"featured_media":43779,"comment_status":"open","ping_status":"closed","template":"","meta":[],"_links":{"self":[{"href":"https:\/\/www.appoloviracel.com.uy\/index.php\/wp-json\/wp\/v2\/product\/43778"}],"collection":[{"href":"https:\/\/www.appoloviracel.com.uy\/index.php\/wp-json\/wp\/v2\/product"}],"about":[{"href":"https:\/\/www.appoloviracel.com.uy\/index.php\/wp-json\/wp\/v2\/types\/product"}],"replies":[{"embeddable":true,"href":"https:\/\/www.appoloviracel.com.uy\/index.php\/wp-json\/wp\/v2\/comments?post=43778"}],"wp:featuredmedia":[{"embeddable":true,"href":"https:\/\/www.appoloviracel.com.uy\/index.php\/wp-json\/wp\/v2\/media\/43779"}],"wp:attachment":[{"href":"https:\/\/www.appoloviracel.com.uy\/index.php\/wp-json\/wp\/v2\/media?parent=43778"}],"curies":[{"name":"wp","href":"https:\/\/api.w.org\/{rel}","templated":true}]}}