{"id":43769,"date":"2025-05-02T18:59:47","date_gmt":"2025-05-02T21:59:47","guid":{"rendered":"https:\/\/www.appoloviracel.com.uy\/?post_type=product&#038;p=43769"},"modified":"2025-05-27T17:34:41","modified_gmt":"2025-05-27T20:34:41","slug":"celular-xiaomi-redmi-note14pro-5g-512gb-12gb-2","status":"publish","type":"product","link":"https:\/\/www.appoloviracel.com.uy\/index.php\/product\/celular-xiaomi-redmi-note14pro-5g-512gb-12gb-2\/","title":{"rendered":"Celular Xiaomi \u00abRedmi Note14Pro+\u00bb 5G (512Gb-12Gb)"},"content":{"rendered":"<h2>Caracter\u00edsticas y especificaciones:<strong>\u00a0<\/strong><\/h2>\n<h4><span style=\"color: #ff0000;\"><strong>Apto para LTE de todas las compa\u00f1\u00edas.<\/strong><\/span><\/h4>\n<p>El <strong>Xiaomi Redmi Note 14 Pro+,<\/strong> <strong>5G<\/strong> cuenta con una pantalla AMOLED de 6.67 pulgadas y est\u00e1 potenciado por un procesador Snapdragon 7s Gen 3 acompa\u00f1ado de 12GB de RAM y hasta 512GB de almacenamiento. Su c\u00e1mara trasera es triple con un sensor principal de 200MP con OIS, tiene una bater\u00eda de 5.110 mAh \u00a0con soporte para carga r\u00e1pida, parlantes duales,\u00a0 lector de huellas bajo la pantalla y certificaci\u00f3n IP68 para protecci\u00f3n contra el polvo y agua.<\/p>\n<ul>\n<li>Pantalla: 6.67&#8243;, 1220 * 2712 pixeles<\/li>\n<li>Procesador: Snapdragon 7s Gen 3 2.5GHz<\/li>\n<li>Memoria RAM: 12GB<\/li>\n<li>Almacenamiento: 512GB<\/li>\n<li>Expansi\u00f3n: sin microSD<\/li>\n<li>C\u00e1mara: Triple, 200MP+8MP +2MP<\/li>\n<li>Bater\u00eda: 5.110 mAh<\/li>\n<li>OS: Android 14<\/li>\n<li>Perfil: 8.8 mm<\/li>\n<li>Peso: 205 grs.<\/li>\n<li>Se incluyen los siguientes accesorios: <strong>Cargador y Manual <\/strong><\/li>\n<li><strong>Garant\u00eda:<\/strong> 12 meses contra defecto de fabricaci\u00f3n<\/li>\n<\/ul>\n<h4><strong>\u00a0<\/strong><\/h4>\n<h4><span style=\"color: #ff0000;\"><strong>Contado efectivo: 10% de Descuento<\/strong><\/span><\/h4>\n<h5><strong>*Las im\u00e1genes son a modo ilustrativo.<\/strong><\/h5>\n","protected":false},"excerpt":{"rendered":"<h3><strong><span style=\"font-family: 'Cambria','serif'; color: #339966;\">U$S 599<\/span><\/strong><\/h3>\n","protected":false},"featured_media":43559,"comment_status":"open","ping_status":"closed","template":"","meta":[],"_links":{"self":[{"href":"https:\/\/www.appoloviracel.com.uy\/index.php\/wp-json\/wp\/v2\/product\/43769"}],"collection":[{"href":"https:\/\/www.appoloviracel.com.uy\/index.php\/wp-json\/wp\/v2\/product"}],"about":[{"href":"https:\/\/www.appoloviracel.com.uy\/index.php\/wp-json\/wp\/v2\/types\/product"}],"replies":[{"embeddable":true,"href":"https:\/\/www.appoloviracel.com.uy\/index.php\/wp-json\/wp\/v2\/comments?post=43769"}],"wp:featuredmedia":[{"embeddable":true,"href":"https:\/\/www.appoloviracel.com.uy\/index.php\/wp-json\/wp\/v2\/media\/43559"}],"wp:attachment":[{"href":"https:\/\/www.appoloviracel.com.uy\/index.php\/wp-json\/wp\/v2\/media?parent=43769"}],"curies":[{"name":"wp","href":"https:\/\/api.w.org\/{rel}","templated":true}]}}