{"id":43744,"date":"2025-04-23T15:08:59","date_gmt":"2025-04-23T18:08:59","guid":{"rendered":"https:\/\/www.appoloviracel.com.uy\/?post_type=product&#038;p=43744"},"modified":"2026-04-28T18:53:35","modified_gmt":"2026-04-28T21:53:35","slug":"celular-xiaomi-redmi-a5-128gb-8gb","status":"publish","type":"product","link":"https:\/\/www.appoloviracel.com.uy\/index.php\/product\/celular-xiaomi-redmi-a5-128gb-8gb\/","title":{"rendered":"Celular Xiaomi \u00abRedmi A5\u00bb (128Gb-4Gb)"},"content":{"rendered":"<h2>Caracter\u00edsticas y especificaciones:<strong>\u00a0<\/strong><\/h2>\n<h4><span style=\"color: #ff0000;\"><strong>Apto para LTE de todas las compa\u00f1\u00edas.<\/strong><\/span><\/h4>\n<p>El <strong>Xiaomi Redmi A5 4G<\/strong> cuenta con una pantalla HD+ de 6.88 pulgadas con tasa de refresco de 120Hz y est\u00e1 potenciado por un chip Unisoc T7250 con hasta 4GB de RAM y 128GB de almacenamiento. Su c\u00e1mara trasera dual tiene un sensor principal de 32MP, se alimenta de una bater\u00eda de 5200 mAh, tiene lector de huellas y corre Android 15 (Go Edition).<\/p>\n<ul>\n<li>Pantalla: 6.88&#8243;, 720 * 1640 pixeles<\/li>\n<li>Procesador: Unisoc T7250 1.8GHz<\/li>\n<li>Memoria RAM: 4GB<\/li>\n<li>Almacenamiento: 128GB<\/li>\n<li>Expansi\u00f3n: microSD<\/li>\n<li>C\u00e1mara: Dual, 32MP+Aux<\/li>\n<li>Bater\u00eda: 5.200 mAh<\/li>\n<li>OS: Android 15 (Go Edition)<\/li>\n<li>Perfil: 8.3 mm<\/li>\n<li>Peso: 193 grs.<\/li>\n<li>Se incluyen los siguientes accesorios: <strong>Cargador y Manual<\/strong><\/li>\n<li><strong>Garant\u00eda:<\/strong> 12 meses contra defecto de fabricaci\u00f3n<\/li>\n<\/ul>\n<p>&nbsp;<\/p>\n<h4><span style=\"color: #ff0000;\"><strong>Contado efectivo: 10% de Descuento<\/strong><\/span><\/h4>\n<h5><strong>*Las im\u00e1genes son a modo ilustrativo.<\/strong><\/h5>\n","protected":false},"excerpt":{"rendered":"<h3><strong><span style=\"font-family: 'Cambria','serif'; color: #339966;\">U$S 155<\/span><\/strong><\/h3>\n","protected":false},"featured_media":43745,"comment_status":"open","ping_status":"closed","template":"","meta":[],"_links":{"self":[{"href":"https:\/\/www.appoloviracel.com.uy\/index.php\/wp-json\/wp\/v2\/product\/43744"}],"collection":[{"href":"https:\/\/www.appoloviracel.com.uy\/index.php\/wp-json\/wp\/v2\/product"}],"about":[{"href":"https:\/\/www.appoloviracel.com.uy\/index.php\/wp-json\/wp\/v2\/types\/product"}],"replies":[{"embeddable":true,"href":"https:\/\/www.appoloviracel.com.uy\/index.php\/wp-json\/wp\/v2\/comments?post=43744"}],"wp:featuredmedia":[{"embeddable":true,"href":"https:\/\/www.appoloviracel.com.uy\/index.php\/wp-json\/wp\/v2\/media\/43745"}],"wp:attachment":[{"href":"https:\/\/www.appoloviracel.com.uy\/index.php\/wp-json\/wp\/v2\/media?parent=43744"}],"curies":[{"name":"wp","href":"https:\/\/api.w.org\/{rel}","templated":true}]}}