{"id":43738,"date":"2025-04-22T14:08:39","date_gmt":"2025-04-22T17:08:39","guid":{"rendered":"https:\/\/www.appoloviracel.com.uy\/?post_type=product&#038;p=43738"},"modified":"2025-05-29T13:07:42","modified_gmt":"2025-05-29T16:07:42","slug":"celular-xiaomi-poco-x7-5g-512gb-12gb","status":"publish","type":"product","link":"https:\/\/www.appoloviracel.com.uy\/index.php\/product\/celular-xiaomi-poco-x7-5g-512gb-12gb\/","title":{"rendered":"Celular Xiaomi \u00abPoco X7\u00bb 5G (512Gb-12Gb)"},"content":{"rendered":"<h2>Caracter\u00edsticas y especificaciones:<\/h2>\n<p>El Xiaomi Poco X7 5G Dual combina dise\u00f1o, potencia y tecnolog\u00eda de \u00faltima generaci\u00f3n para ofrecer una experiencia m\u00f3vil superior. Su pantalla AMOLED de 6.67 pulgadas con una impresionante resoluci\u00f3n de 1220 * 2712 p\u00edxeles garantiza im\u00e1genes vibrantes, n\u00edtidas y llenas de detalle, ideal para juegos, videos y navegaci\u00f3n. En el apartado fotogr\u00e1fico, cuenta con un sistema de c\u00e1mara principal triple compuesto por un sensor principal de 50 MP, un ultra gran angular de 8 MP y un macro de 2 MP, que capturan fotograf\u00edas excepcionales en cualquier situaci\u00f3n. Adem\u00e1s, su c\u00e1mara frontal de 20 MP asegura selfies de alta calidad y videollamadas claras. Dise\u00f1ado para aprovechar la conectividad 5G, este dispositivo es una opci\u00f3n ideal para quienes buscan rendimiento y estilo en un solo paquete.<\/p>\n<ul>\n<li>Tama\u00f1o de pantalla: 6.67&#8243;<\/li>\n<li>Red: 5G<\/li>\n<li>CPU: Dimensity 7300-Ultra<\/li>\n<li>Memoria Interna: 512GB<\/li>\n<li>Memoria Ram: 12GB<\/li>\n<li>Sistema Operativo: Android 14<\/li>\n<li>C\u00e1mara: Triple (50MP + 8MP + 2MP)<\/li>\n<li>C\u00e1mara: frontal (20MP)<\/li>\n<li>Dual SIM: nano-SIM dual<\/li>\n<li>Sensor Seguridad: Si<\/li>\n<li>Bater\u00eda: 5.110 mAh<\/li>\n<li>Se incluyen los siguientes accesorios: <strong>Cargador y Manual<\/strong><\/li>\n<li><strong>Garant\u00eda:<\/strong> 12 meses contra defecto de fabricaci\u00f3n<\/li>\n<\/ul>\n<p><strong>\u00a0<\/strong><\/p>\n<h4><span style=\"color: #ff0000;\"><strong>\u00a0Contado efectivo: 10% de Descuento<\/strong><\/span><\/h4>\n<h5><strong>*Las im\u00e1genes son a modo ilustrativo.<\/strong><\/h5>\n","protected":false},"excerpt":{"rendered":"<h3><strong><span style=\"font-family: 'Cambria','serif'; color: #339966;\">U$S 429<\/span><\/strong><\/h3>\n","protected":false},"featured_media":43739,"comment_status":"open","ping_status":"closed","template":"","meta":[],"_links":{"self":[{"href":"https:\/\/www.appoloviracel.com.uy\/index.php\/wp-json\/wp\/v2\/product\/43738"}],"collection":[{"href":"https:\/\/www.appoloviracel.com.uy\/index.php\/wp-json\/wp\/v2\/product"}],"about":[{"href":"https:\/\/www.appoloviracel.com.uy\/index.php\/wp-json\/wp\/v2\/types\/product"}],"replies":[{"embeddable":true,"href":"https:\/\/www.appoloviracel.com.uy\/index.php\/wp-json\/wp\/v2\/comments?post=43738"}],"wp:featuredmedia":[{"embeddable":true,"href":"https:\/\/www.appoloviracel.com.uy\/index.php\/wp-json\/wp\/v2\/media\/43739"}],"wp:attachment":[{"href":"https:\/\/www.appoloviracel.com.uy\/index.php\/wp-json\/wp\/v2\/media?parent=43738"}],"curies":[{"name":"wp","href":"https:\/\/api.w.org\/{rel}","templated":true}]}}