{"id":43732,"date":"2025-04-21T21:51:59","date_gmt":"2025-04-22T00:51:59","guid":{"rendered":"https:\/\/www.appoloviracel.com.uy\/?post_type=product&#038;p=43732"},"modified":"2026-03-07T10:14:40","modified_gmt":"2026-03-07T13:14:40","slug":"celular-samsung-galaxy-a26-5g-256gb-8gb","status":"publish","type":"product","link":"https:\/\/www.appoloviracel.com.uy\/index.php\/product\/celular-samsung-galaxy-a26-5g-256gb-8gb\/","title":{"rendered":"Celular Samsung \u00abGalaxy A26\u00bb 5G (256Gb-8Gb)"},"content":{"rendered":"<h2><strong>Caracter\u00edsticas y especificaciones<\/strong><\/h2>\n<p>El <strong>Samsung Galaxy A26 5G<\/strong> debuta con una pantalla AMOLED de 6.7 pulgadas con tasa de refresco de 120Hz y potenciado por un procesador Exynos 1380 en su versi\u00f3n internacional o Exynos 1280 para Latinoam\u00e9rica, con hasta 8GB de RAM y 256GB de almacenamiento. El Galaxy A26 5G tiene una c\u00e1mara triple de 50MP con OIS, bater\u00eda de 5.000 mAh de carga r\u00e1pida, lector de huellas lateral y resiste el polvo y agua.<\/p>\n<ul>\n<li>Pantalla: 6.7&#8243;, 1080 * 2340 pixeles<\/li>\n<li>Procesador: Exynos 1380 2.4GHz<\/li>\n<li>Memoria RAM: 8GB<\/li>\n<li>Almacenamiento: 256GB<\/li>\n<li>Expansi\u00f3n: microSD<\/li>\n<li>C\u00e1mara: Triple, 50MP+8MP +2MP<\/li>\n<li>Bater\u00eda: 5.000 mAh<\/li>\n<li>OS: Android 15<\/li>\n<li>Alto: 164 mm<\/li>\n<li>Ancho: 77.5 mm<\/li>\n<li>Perfil: 7.7 mm<\/li>\n<li>Peso: 200 grs.<\/li>\n<li><strong>S<\/strong>e incluyen los siguientes accesorios: <strong>Cargador y Manual<\/strong><\/li>\n<li><strong>Garant\u00eda:<\/strong> 12 meses contra defecto de fabricaci\u00f3n<\/li>\n<\/ul>\n<h4><strong>\u00a0<\/strong><\/h4>\n<h4><span style=\"color: #ff0000;\"><strong>Contado efectivo: 10% de Descuento<\/strong><\/span><\/h4>\n<h5><strong>*Las im\u00e1genes son a modo ilustrativo.<\/strong><\/h5>\n<p>&nbsp;<\/p>\n","protected":false},"excerpt":{"rendered":"<h3><span style=\"color: #339966;\"><strong>U$S 320<\/strong><\/span><\/h3>\n","protected":false},"featured_media":43733,"comment_status":"open","ping_status":"closed","template":"","meta":[],"_links":{"self":[{"href":"https:\/\/www.appoloviracel.com.uy\/index.php\/wp-json\/wp\/v2\/product\/43732"}],"collection":[{"href":"https:\/\/www.appoloviracel.com.uy\/index.php\/wp-json\/wp\/v2\/product"}],"about":[{"href":"https:\/\/www.appoloviracel.com.uy\/index.php\/wp-json\/wp\/v2\/types\/product"}],"replies":[{"embeddable":true,"href":"https:\/\/www.appoloviracel.com.uy\/index.php\/wp-json\/wp\/v2\/comments?post=43732"}],"wp:featuredmedia":[{"embeddable":true,"href":"https:\/\/www.appoloviracel.com.uy\/index.php\/wp-json\/wp\/v2\/media\/43733"}],"wp:attachment":[{"href":"https:\/\/www.appoloviracel.com.uy\/index.php\/wp-json\/wp\/v2\/media?parent=43732"}],"curies":[{"name":"wp","href":"https:\/\/api.w.org\/{rel}","templated":true}]}}