{"id":4372,"date":"2021-03-05T21:23:28","date_gmt":"2021-03-06T00:23:28","guid":{"rendered":"https:\/\/www.appoloviracel.com.uy\/?post_type=product&#038;p=4372"},"modified":"2021-03-27T15:44:33","modified_gmt":"2021-03-27T18:44:33","slug":"mouse-optico-logitech-m110-silent","status":"publish","type":"product","link":"https:\/\/www.appoloviracel.com.uy\/index.php\/product\/mouse-optico-logitech-m110-silent\/","title":{"rendered":"Mouse Logitech \u00abM110 Silent\u00bb \u00f3ptico"},"content":{"rendered":"<h4>Caracter\u00edsticas y especificaciones:<\/h4>\n<ul>\n<li>Windows\u00ae 10 o posterior, Windows 8, Windows 7<\/li>\n<li>macOS X 10.5 o posterior<\/li>\n<li>Chrome OS\u2122<\/li>\n<li>Linux Kernel 2.6+2<\/li>\n<li>Conexi\u00f3n USB<\/li>\n<li>Tipo de conexi\u00f3n: Con cable<\/li>\n<li>DPI (m\u00edn.\/m\u00e1x.): 1000\u00b1<\/li>\n<li>Tecnolog\u00eda de seguimiento: \u00d3ptica<\/li>\n<li>Resoluci\u00f3n de sensor: 1000 dpi<\/li>\n<li>Bot\u00f3n rueda: S\u00ed<\/li>\n<li>N\u00famero de botones: 3<\/li>\n<li>Garant\u00eda: 1 A\u00f1o contra defecto de fabricaci\u00f3n<\/li>\n<\/ul>\n<p>&nbsp;<\/p>\n<h5><strong>*Las im\u00e1genes son a modo ilustrativo.<\/strong><\/h5>\n","protected":false},"excerpt":{"rendered":"<h3><span style=\"color: #339966;\"><strong>U$S 11<\/strong><\/span><\/h3>\n","protected":false},"featured_media":4374,"comment_status":"open","ping_status":"closed","template":"","meta":[],"_links":{"self":[{"href":"https:\/\/www.appoloviracel.com.uy\/index.php\/wp-json\/wp\/v2\/product\/4372"}],"collection":[{"href":"https:\/\/www.appoloviracel.com.uy\/index.php\/wp-json\/wp\/v2\/product"}],"about":[{"href":"https:\/\/www.appoloviracel.com.uy\/index.php\/wp-json\/wp\/v2\/types\/product"}],"replies":[{"embeddable":true,"href":"https:\/\/www.appoloviracel.com.uy\/index.php\/wp-json\/wp\/v2\/comments?post=4372"}],"wp:featuredmedia":[{"embeddable":true,"href":"https:\/\/www.appoloviracel.com.uy\/index.php\/wp-json\/wp\/v2\/media\/4374"}],"wp:attachment":[{"href":"https:\/\/www.appoloviracel.com.uy\/index.php\/wp-json\/wp\/v2\/media?parent=4372"}],"curies":[{"name":"wp","href":"https:\/\/api.w.org\/{rel}","templated":true}]}}