{"id":43699,"date":"2025-04-09T17:44:43","date_gmt":"2025-04-09T20:44:43","guid":{"rendered":"https:\/\/www.appoloviracel.com.uy\/?post_type=product&#038;p=43699"},"modified":"2026-04-20T18:32:55","modified_gmt":"2026-04-20T21:32:55","slug":"parlante-jbl-go4-bluetooth","status":"publish","type":"product","link":"https:\/\/www.appoloviracel.com.uy\/index.php\/product\/parlante-jbl-go4-bluetooth\/","title":{"rendered":"Parlante JBL \u00abGo4\u00bb (Bluetooth)"},"content":{"rendered":"<h2>Caracter\u00edsticas y especificaciones:<\/h2>\n<ul>\n<li>JBL Pro Sound ultraport\u00e1til: No dejes que su peque\u00f1o tama\u00f1o te enga\u00f1e. El JBL Go 4 tiene un gran impacto musical y ofrece un gran sonido JBL Pro con graves potentes. Tus amigos no creer\u00e1n lo fant\u00e1stico que es el sonido JBL Pro que sale de un altavoz tan peque\u00f1o<\/li>\n<li>Playtime Boost: No te preocupes por nimiedades como cargar la bater\u00eda. JBL Go 4 te ofrece hasta 7 horas de reproducci\u00f3n con una sola carga. Simplemente toca Playtime Boost para prolongar el tiempo de reproducci\u00f3n y agregar hasta 2 horas a la duraci\u00f3n de la bater\u00eda. Ajusta y optimiza el rendimiento para obtener un sonido m\u00e1s alto y n\u00edtido.<\/li>\n<li>Resistente al agua y al polvo: La clasificaci\u00f3n de resistencia al agua y al polvo IP67 del JBL Go 4 garantiza que este altavoz port\u00e1til pueda soportar casi cualquier entorno, desde una fiesta junto a la piscina hasta un picnic junto al mar.<\/li>\n<li>Conexi\u00f3n: Bluetooth<\/li>\n<li>Potencia: 4.2 W<\/li>\n<li>Autonom\u00eda: 7 horas<\/li>\n<li>Tiempo de Carga: 3 horas<\/li>\n<li>Frecuencia: 90 Hz \u2013 20 kHz<\/li>\n<\/ul>\n<p>&nbsp;<\/p>\n<h5><strong>*Las im\u00e1genes son a modo ilustrativo.<\/strong><\/h5>\n","protected":false},"excerpt":{"rendered":"<h3><strong><span style=\"color: #339966;\">$ 2.590<\/span><\/strong><\/h3>\n","protected":false},"featured_media":43700,"comment_status":"open","ping_status":"closed","template":"","meta":[],"_links":{"self":[{"href":"https:\/\/www.appoloviracel.com.uy\/index.php\/wp-json\/wp\/v2\/product\/43699"}],"collection":[{"href":"https:\/\/www.appoloviracel.com.uy\/index.php\/wp-json\/wp\/v2\/product"}],"about":[{"href":"https:\/\/www.appoloviracel.com.uy\/index.php\/wp-json\/wp\/v2\/types\/product"}],"replies":[{"embeddable":true,"href":"https:\/\/www.appoloviracel.com.uy\/index.php\/wp-json\/wp\/v2\/comments?post=43699"}],"wp:featuredmedia":[{"embeddable":true,"href":"https:\/\/www.appoloviracel.com.uy\/index.php\/wp-json\/wp\/v2\/media\/43700"}],"wp:attachment":[{"href":"https:\/\/www.appoloviracel.com.uy\/index.php\/wp-json\/wp\/v2\/media?parent=43699"}],"curies":[{"name":"wp","href":"https:\/\/api.w.org\/{rel}","templated":true}]}}