{"id":43692,"date":"2025-04-08T16:40:22","date_gmt":"2025-04-08T19:40:22","guid":{"rendered":"https:\/\/www.appoloviracel.com.uy\/?post_type=product&#038;p=43692"},"modified":"2025-05-07T17:13:00","modified_gmt":"2025-05-07T20:13:00","slug":"mouse-logitech-m280-inalambrico","status":"publish","type":"product","link":"https:\/\/www.appoloviracel.com.uy\/index.php\/product\/mouse-logitech-m280-inalambrico\/","title":{"rendered":"Mouse Logitech \u00abM280\u00bb Inal\u00e1mbrico"},"content":{"rendered":"<h2>Caracter\u00edsticas y especificaciones:<\/h2>\n<p>El mouse Logitech M280 es la s\u00edntesis perfecta de funcionalidad, est\u00e9tica y confort. La forma asim\u00e9trica y la superficie estampada har\u00e1n las delicias de tu mano y el bot\u00f3n rueda ancho mejorar\u00e1 tu experiencia de desplazamiento.<\/p>\n<ul>\n<li>Dimensiones<\/li>\n<li>Mouse: Altura: 105,4 mm; Anchura: 67,9 mm; Profundidad: 38,4 mm; Peso (con bater\u00edas): 78 g<\/li>\n<li>Receptor USB: Altura: 14,4 mm; Anchura: 18,7 mm; Profundidad: 6,1 mm; Peso: 1,8 grs.<\/li>\n<li>Tecnolog\u00eda de sensor: Seguimiento \u00f3ptico uniforme; DPI (m\u00edn.\/m\u00e1x.): 1000\u00b1<\/li>\n<li>Botones: N\u00famero de botones: 3 (click izquierdo\/derecho, click de bot\u00f3n central)<\/li>\n<li>Desplazamiento: Desplazamiento l\u00ednea por l\u00ednea; Rueda de desplazamiento: S\u00ed, goma, 2D, mec\u00e1nico<\/li>\n<li>Bater\u00eda: Duraci\u00f3n de bater\u00edas: 18 meses 1La duraci\u00f3n de las bater\u00edas depende del uso y de los dispositivos; Detalles de bater\u00eda: 1 x AAA (incluida)<\/li>\n<li>Conectividad: Tipo de conexi\u00f3n: Conexi\u00f3n inal\u00e1mbrica de 2.4 GHz; Radio de acci\u00f3n inal\u00e1mbrico: 10 metros 2El radio de acci\u00f3n inal\u00e1mbrico depende del usuario, las condiciones del entorno y de los dispositivos.<\/li>\n<li>Sostenibilidad: Pl\u00e1sticos reciclados; pl\u00e1stico en grafito y negro: 76% de material reciclado pos consumo excluye receptor, conjunto de cableado impreso (PWA) y empaque; pl\u00e1stico azul, blanco, gris y rojo: 58% de material reciclado pos consumo<\/li>\n<\/ul>\n<p><strong>\u00a0<\/strong><\/p>\n<h5><strong>*Las im\u00e1genes son a modo ilustrativo.<\/strong><\/h5>\n","protected":false},"excerpt":{"rendered":"<h3><span style=\"color: #339966;\"><strong>U$S 19<\/strong><\/span><\/h3>\n","protected":false},"featured_media":43693,"comment_status":"open","ping_status":"closed","template":"","meta":[],"_links":{"self":[{"href":"https:\/\/www.appoloviracel.com.uy\/index.php\/wp-json\/wp\/v2\/product\/43692"}],"collection":[{"href":"https:\/\/www.appoloviracel.com.uy\/index.php\/wp-json\/wp\/v2\/product"}],"about":[{"href":"https:\/\/www.appoloviracel.com.uy\/index.php\/wp-json\/wp\/v2\/types\/product"}],"replies":[{"embeddable":true,"href":"https:\/\/www.appoloviracel.com.uy\/index.php\/wp-json\/wp\/v2\/comments?post=43692"}],"wp:featuredmedia":[{"embeddable":true,"href":"https:\/\/www.appoloviracel.com.uy\/index.php\/wp-json\/wp\/v2\/media\/43693"}],"wp:attachment":[{"href":"https:\/\/www.appoloviracel.com.uy\/index.php\/wp-json\/wp\/v2\/media?parent=43692"}],"curies":[{"name":"wp","href":"https:\/\/api.w.org\/{rel}","templated":true}]}}