{"id":43687,"date":"2025-04-07T14:28:40","date_gmt":"2025-04-07T17:28:40","guid":{"rendered":"https:\/\/www.appoloviracel.com.uy\/?post_type=product&#038;p=43687"},"modified":"2025-05-06T22:02:09","modified_gmt":"2025-05-07T01:02:09","slug":"webcam-logitech-c270-hd-con-microfono-incorporado","status":"publish","type":"product","link":"https:\/\/www.appoloviracel.com.uy\/index.php\/product\/webcam-logitech-c270-hd-con-microfono-incorporado\/","title":{"rendered":"Webcam Logitech \u00abC270\u00bb HD con micr\u00f3fono incorporado"},"content":{"rendered":"<h2>Caracter\u00edsticas y especificaciones:<\/h2>\n<p>La c\u00e1mara web HD C270 ofrece conferencias n\u00edtidas y fluidas en pantalla panor\u00e1mica. La correcci\u00f3n de iluminaci\u00f3n autom\u00e1tica produce colores reales y naturales.<\/p>\n<ul>\n<li>Dimensiones con clip de montaje acoplado: Altura: 72,91 mm; Ancho: 31,91 mm; Profundidad: 66,64 mm: Longitud del cable: 1,5 m; Peso: 75 grs.<\/li>\n<li>Resoluci\u00f3n m\u00e1xima: 720p\/30 fps<\/li>\n<li>C\u00e1mara mega pixel: 0.9<\/li>\n<li>Tipo de enfoque: foco fijo<\/li>\n<li>Tipo de lente: Pl\u00e1stico<\/li>\n<li>Micr\u00f3fono integrado: Mono<\/li>\n<li>Radio de micr\u00f3fono: Hasta 1 m<\/li>\n<li>Campo visual diagonal (dFoV): 55\u00b0<\/li>\n<li>Clip de montaje universal listo para laptops, LCD o monitores<\/li>\n<\/ul>\n<p>&nbsp;<\/p>\n<h5><strong>*Las im\u00e1genes son a modo ilustrativo.<\/strong><\/h5>\n","protected":false},"excerpt":{"rendered":"<h3><span style=\"color: #339966;\"><strong>U$S 36<\/strong><\/span><\/h3>\n","protected":false},"featured_media":43688,"comment_status":"open","ping_status":"closed","template":"","meta":[],"_links":{"self":[{"href":"https:\/\/www.appoloviracel.com.uy\/index.php\/wp-json\/wp\/v2\/product\/43687"}],"collection":[{"href":"https:\/\/www.appoloviracel.com.uy\/index.php\/wp-json\/wp\/v2\/product"}],"about":[{"href":"https:\/\/www.appoloviracel.com.uy\/index.php\/wp-json\/wp\/v2\/types\/product"}],"replies":[{"embeddable":true,"href":"https:\/\/www.appoloviracel.com.uy\/index.php\/wp-json\/wp\/v2\/comments?post=43687"}],"wp:featuredmedia":[{"embeddable":true,"href":"https:\/\/www.appoloviracel.com.uy\/index.php\/wp-json\/wp\/v2\/media\/43688"}],"wp:attachment":[{"href":"https:\/\/www.appoloviracel.com.uy\/index.php\/wp-json\/wp\/v2\/media?parent=43687"}],"curies":[{"name":"wp","href":"https:\/\/api.w.org\/{rel}","templated":true}]}}