{"id":43648,"date":"2025-03-24T18:26:56","date_gmt":"2025-03-24T21:26:56","guid":{"rendered":"https:\/\/www.appoloviracel.com.uy\/?post_type=product&#038;p=43648"},"modified":"2025-04-24T17:22:55","modified_gmt":"2025-04-24T20:22:55","slug":"soporte-usams-zb324-mini-wireles-selfie-stick","status":"publish","type":"product","link":"https:\/\/www.appoloviracel.com.uy\/index.php\/product\/soporte-usams-zb324-mini-wireles-selfie-stick\/","title":{"rendered":"Soporte USAMS \u00abZB324\u00bb Mini Wireles Selfie Stick"},"content":{"rendered":"<h2>Caracter\u00edsticas y especificaciones:<\/h2>\n<ul>\n<li>Mini palo selfie inal\u00e1mbrico USAMS ZB324 con tr\u00edpode integrado<\/li>\n<li>Dise\u00f1o integrado 2 en 1: Este palo selfie no solo te permite tomar fotos a distancia, sino que tambi\u00e9n se convierte en un tr\u00edpode resistente, ideal para transmisiones en vivo o grabar videos sin necesidad de soporte.<\/li>\n<li>Ajuste flexible del \u00e1ngulo de disparo: El palo permite un ajuste de hasta 270 grados, lo que facilita elegir el \u00e1ngulo de disparo ideal para cada foto o video.<\/li>\n<li>Longitud m\u00e1xima de 1,1 m: Con una longitud m\u00e1xima de hasta 1,1 m, puedes tomar fotos grupales o selfies a distancia f\u00e1cilmente sin preocuparte por obstrucciones.<\/li>\n<li>Alta compatibilidad: El palo se puede conectar a tel\u00e9fonos de 4,7 a 7 pulgadas, compatible con la mayor\u00eda de los smartphones actuales.<\/li>\n<li>Material de alta calidad: Fabricado en pl\u00e1stico ABS y acero inoxidable, lo que garantiza una alta durabilidad y ligereza, f\u00e1cil de transportar en cualquier situaci\u00f3n.<\/li>\n<li>Almohadilla de silicona antideslizante: Su dise\u00f1o acolchado de silicona ayuda a sujetar el tel\u00e9fono con firmeza y seguridad, evitando resbalones o ca\u00eddas durante el uso.<\/li>\n<\/ul>\n<p>&nbsp;<\/p>\n<ul>\n<li>Marca: USAMS<\/li>\n<li>Nombre: Mini palo selfie inal\u00e1mbrico<\/li>\n<li>Nombre Bluetooth: USAMS-ZB324<\/li>\n<li>Color: Negro<\/li>\n<li>Material: ABS + acero inoxidable<\/li>\n<li>Longitud retr\u00e1ctil: 20 cm (m\u00edn.)<\/li>\n<li>Longitud expandida: 110 cm (m\u00e1x.)<\/li>\n<li>Ancho de sujeci\u00f3n: 65-90 mm<\/li>\n<li>Compatibilidad: Para tel\u00e9fonos de 4,7 a 7 pulgadas<\/li>\n<li>Peso: Aprox. 169 grs.<\/li>\n<\/ul>\n<p><strong>\u00a0<\/strong><\/p>\n<h5><strong>*Las im\u00e1genes son a modo ilustrativo.<\/strong><\/h5>\n","protected":false},"excerpt":{"rendered":"<h3><span style=\"color: #339966;\"><strong>$ 690<\/strong><\/span><\/h3>\n","protected":false},"featured_media":43649,"comment_status":"open","ping_status":"closed","template":"","meta":[],"_links":{"self":[{"href":"https:\/\/www.appoloviracel.com.uy\/index.php\/wp-json\/wp\/v2\/product\/43648"}],"collection":[{"href":"https:\/\/www.appoloviracel.com.uy\/index.php\/wp-json\/wp\/v2\/product"}],"about":[{"href":"https:\/\/www.appoloviracel.com.uy\/index.php\/wp-json\/wp\/v2\/types\/product"}],"replies":[{"embeddable":true,"href":"https:\/\/www.appoloviracel.com.uy\/index.php\/wp-json\/wp\/v2\/comments?post=43648"}],"wp:featuredmedia":[{"embeddable":true,"href":"https:\/\/www.appoloviracel.com.uy\/index.php\/wp-json\/wp\/v2\/media\/43649"}],"wp:attachment":[{"href":"https:\/\/www.appoloviracel.com.uy\/index.php\/wp-json\/wp\/v2\/media?parent=43648"}],"curies":[{"name":"wp","href":"https:\/\/api.w.org\/{rel}","templated":true}]}}