{"id":43643,"date":"2025-03-23T18:21:48","date_gmt":"2025-03-23T21:21:48","guid":{"rendered":"https:\/\/www.appoloviracel.com.uy\/?post_type=product&#038;p=43643"},"modified":"2025-04-23T15:18:35","modified_gmt":"2025-04-23T18:18:35","slug":"auricular-usams-yg23-vincha","status":"publish","type":"product","link":"https:\/\/www.appoloviracel.com.uy\/index.php\/product\/auricular-usams-yg23-vincha\/","title":{"rendered":"Auricular USAMS \u00abYG23\u00bb (Vincha)"},"content":{"rendered":"<h2>Caracter\u00edsticas y especificaciones:<\/h2>\n<ul>\n<li>Los aud\u00edfonos tienen grandes almohadillas dise\u00f1adas para proporcionar comodidad en sesiones de escucha prolongadas. El relleno ayuda a aislar el ruido y mejora la experiencia de audio en general<\/li>\n<li>Transmisi\u00f3n inal\u00e1mbrica 5.3, estable y de alta velocidad en un radio de 10 m, reproducci\u00f3n fluida de audio evitando interrupciones.<\/li>\n<li>Dise\u00f1o plegable: brazos abatibles para aumentar la flexibilidad de almacenamiento en exteriores<\/li>\n<li>Controla f\u00e1cilmente el sonido y gestiona las llamadas desde los auriculares con los c\u00f3modos botones de la tapa<\/li>\n<li>Con una duraci\u00f3n de la bater\u00eda de hasta 40 horas y carga r\u00e1pida, tendr\u00e1s energ\u00eda suficiente para viajes por carretera de varios d\u00edas y largos fines de semana de festival<\/li>\n<li>Especificaciones:<\/li>\n<li>Modelo: YG23<\/li>\n<li>Versi\u00f3n de Bluetooth: 5.3<\/li>\n<li>Material: ABS+ Cuero PU<\/li>\n<li>Rango de conexi\u00f3n:&gt; 10m<\/li>\n<li>Peso: 180 grs.<\/li>\n<li>Capacidad de la bater\u00eda: 300 Mah<\/li>\n<li>Tiempo Pama: 40h (60% Volumen)<\/li>\n<li>Tiempo de Llamada: Aproximadamente 20 Horas<\/li>\n<li>Tiempo de Carga: entre 1.5 y 2 Horas<\/li>\n<li>Potencia de Carga: 5V; 0.3A<\/li>\n<li>Tama\u00f1o: 190 * 160 * 73mm<\/li>\n<li>Compatibilidad: Para dispositivos digitales con funci\u00f3n BT<\/li>\n<\/ul>\n<p>&nbsp;<\/p>\n<h5><strong>*Las im\u00e1genes son a modo ilustrativo.<\/strong><\/h5>\n","protected":false},"excerpt":{"rendered":"<h3><span style=\"color: #339966;\"><strong>$ 1.190<\/strong><\/span><\/h3>\n","protected":false},"featured_media":43644,"comment_status":"open","ping_status":"closed","template":"","meta":[],"_links":{"self":[{"href":"https:\/\/www.appoloviracel.com.uy\/index.php\/wp-json\/wp\/v2\/product\/43643"}],"collection":[{"href":"https:\/\/www.appoloviracel.com.uy\/index.php\/wp-json\/wp\/v2\/product"}],"about":[{"href":"https:\/\/www.appoloviracel.com.uy\/index.php\/wp-json\/wp\/v2\/types\/product"}],"replies":[{"embeddable":true,"href":"https:\/\/www.appoloviracel.com.uy\/index.php\/wp-json\/wp\/v2\/comments?post=43643"}],"wp:featuredmedia":[{"embeddable":true,"href":"https:\/\/www.appoloviracel.com.uy\/index.php\/wp-json\/wp\/v2\/media\/43644"}],"wp:attachment":[{"href":"https:\/\/www.appoloviracel.com.uy\/index.php\/wp-json\/wp\/v2\/media?parent=43643"}],"curies":[{"name":"wp","href":"https:\/\/api.w.org\/{rel}","templated":true}]}}