{"id":43638,"date":"2025-03-22T18:59:23","date_gmt":"2025-03-22T21:59:23","guid":{"rendered":"https:\/\/www.appoloviracel.com.uy\/?post_type=product&#038;p=43638"},"modified":"2025-04-22T14:16:09","modified_gmt":"2025-04-22T17:16:09","slug":"power-bank-usams-us-cd242inalambrico-magnetico-10-000ma","status":"publish","type":"product","link":"https:\/\/www.appoloviracel.com.uy\/index.php\/product\/power-bank-usams-us-cd242inalambrico-magnetico-10-000ma\/","title":{"rendered":"Power Bank USAMS \u00abUS-CD242&#8243;Inal\u00e1mbrico Magn\u00e9tico 10.000mA"},"content":{"rendered":"<h2>Caracter\u00edsticas y especificaciones:<\/h2>\n<ul>\n<li>USAMS CD242 PD 20W &#8211; Bater\u00eda externa port\u00e1til de aleaci\u00f3n de aluminio, 10.000 mAh, carga inal\u00e1mbrica<\/li>\n<li>Carga r\u00e1pida: El protocolo de carga r\u00e1pida PD de 20 W se combina con la carga inal\u00e1mbrica magn\u00e9tica de 15 W para ofrecer opciones de carga vers\u00e1tiles.<\/li>\n<li>Dise\u00f1o compacto: Su dise\u00f1o delgado y estrecho ofrece un agarre c\u00f3modo y una portabilidad pr\u00e1ctica.<\/li>\n<li>Fijaci\u00f3n magn\u00e9tica: La fuerte atracci\u00f3n magn\u00e9tica garantiza un posicionamiento preciso para una carga inal\u00e1mbrica eficiente.<\/li>\n<li>Construcci\u00f3n premium: La construcci\u00f3n de aleaci\u00f3n de aluminio con vidrio a prueba de explosiones mejora la durabilidad y la disipaci\u00f3n del calor.<\/li>\n<li>Alta capacidad: La bater\u00eda de 10000 mAh proporciona suficiente energ\u00eda para cargar varios dispositivos en cualquier lugar.<\/li>\n<\/ul>\n<p>&nbsp;<\/p>\n<ul>\n<li>Material: Aleaci\u00f3n de aluminio y vidrio a prueba de explosiones<\/li>\n<li>Capacidad: 10.000 mAh<\/li>\n<li>Carga por cable: Carga r\u00e1pida PD de 20 W<\/li>\n<li>Carga inal\u00e1mbrica: Carga inal\u00e1mbrica magn\u00e9tica de 15 W<\/li>\n<\/ul>\n<p><strong>\u00a0<\/strong><\/p>\n<h5><strong>*Las im\u00e1genes son a modo ilustrativo.<\/strong><\/h5>\n","protected":false},"excerpt":{"rendered":"<h3><span style=\"color: #339966;\"><strong>$ 1.690<\/strong><\/span><\/h3>\n","protected":false},"featured_media":43639,"comment_status":"open","ping_status":"closed","template":"","meta":[],"_links":{"self":[{"href":"https:\/\/www.appoloviracel.com.uy\/index.php\/wp-json\/wp\/v2\/product\/43638"}],"collection":[{"href":"https:\/\/www.appoloviracel.com.uy\/index.php\/wp-json\/wp\/v2\/product"}],"about":[{"href":"https:\/\/www.appoloviracel.com.uy\/index.php\/wp-json\/wp\/v2\/types\/product"}],"replies":[{"embeddable":true,"href":"https:\/\/www.appoloviracel.com.uy\/index.php\/wp-json\/wp\/v2\/comments?post=43638"}],"wp:featuredmedia":[{"embeddable":true,"href":"https:\/\/www.appoloviracel.com.uy\/index.php\/wp-json\/wp\/v2\/media\/43639"}],"wp:attachment":[{"href":"https:\/\/www.appoloviracel.com.uy\/index.php\/wp-json\/wp\/v2\/media?parent=43638"}],"curies":[{"name":"wp","href":"https:\/\/api.w.org\/{rel}","templated":true}]}}