{"id":43625,"date":"2025-03-20T17:38:48","date_gmt":"2025-03-20T20:38:48","guid":{"rendered":"https:\/\/www.appoloviracel.com.uy\/?post_type=product&#038;p=43625"},"modified":"2025-04-18T20:11:42","modified_gmt":"2025-04-18T23:11:42","slug":"power-bank-usams-us-cd214-dual-port-fast-charging","status":"publish","type":"product","link":"https:\/\/www.appoloviracel.com.uy\/index.php\/product\/power-bank-usams-us-cd214-dual-port-fast-charging\/","title":{"rendered":"Power Bank USAMS \u00abUS-CD214\u00bb Dual Port Fast Charging"},"content":{"rendered":"<h2>Caracter\u00edsticas y especificaciones:<\/h2>\n<ul>\n<li>Power Bank de 10.000mAh de capacidad con 1 entrada y 3 salidas compatible con carga r\u00e1pida QC FCP SCP AFC Apple2.4A para iPhone 15 14 13, para Huawei Mate60 Pro y para Samsung Galaxy Z Flip4<\/li>\n<li>Cableado+carga instant\u00e1nea inal\u00e1mbrica: carga inal\u00e1mbrica magn\u00e9tica 2 en 1, dos m\u00e9todos de carga<\/li>\n<li>Pantalla Digital Inteligente: Pantalla LED Para el Estado de Carga R\u00e1pida<\/li>\n<li>Carga inal\u00e1mbrico de 15w: carga r\u00e1pida inal\u00e1mbrica de 15w, voltaje hacia atr\u00e1s compatible con 5w\/ 7.5w\/ 10w, inducci\u00f3n sensible<\/li>\n<li>Carga simult\u00e1nea m\u00faltiple: exportaci\u00f3n dual m\u00faltiples dispositivos se cobran al mismo tiempo<\/li>\n<li>10.000 mah gran capacidad: cuando sale, la alimentaci\u00f3n es suficiente para reponer la energ\u00eda en cualquier momento, en cualquier lugar<\/li>\n<\/ul>\n<p>&nbsp;<\/p>\n<ul>\n<li>Material: ABS<\/li>\n<li>Capacidad: 10.000 Mah<\/li>\n<li>Capacidad Nominal: 6.000 Mah<\/li>\n<li>Tama\u00f1o: 110 * 69 * 16.6 mm<\/li>\n<li>Peso: Alrededor de 190 g<\/li>\n<li>Entrada tipo c: 5v = 2.4a, 9v 2a<\/li>\n<li>Salida tipo c: 5v = 2.4a, 9v = 2.22a, 12v = 1.5a<\/li>\n<li>Salida usb-a: 4.5v = 5a, 5v = 4.5a, 5v = 3a, 9v = 2a, 12v = 1.5a<\/li>\n<li>Salida de carga inal\u00e1mbrica: 5w\/7.5w\/10w\/15w<\/li>\n<li>Salida multi-puerto: 10w (max)<\/li>\n<li>Bater\u00eda: polymer lithium battery<\/li>\n<li>Tiempo de carga y almacenamiento r\u00e1pidos: aproximadamente 3.5 horas<\/li>\n<\/ul>\n<p><strong>\u00a0<\/strong><\/p>\n<h5><strong>*Las im\u00e1genes son a modo ilustrativo.<\/strong><\/h5>\n","protected":false},"excerpt":{"rendered":"<h3><span style=\"color: #339966;\"><strong>$ 1.690<\/strong><\/span><\/h3>\n","protected":false},"featured_media":43626,"comment_status":"open","ping_status":"closed","template":"","meta":[],"_links":{"self":[{"href":"https:\/\/www.appoloviracel.com.uy\/index.php\/wp-json\/wp\/v2\/product\/43625"}],"collection":[{"href":"https:\/\/www.appoloviracel.com.uy\/index.php\/wp-json\/wp\/v2\/product"}],"about":[{"href":"https:\/\/www.appoloviracel.com.uy\/index.php\/wp-json\/wp\/v2\/types\/product"}],"replies":[{"embeddable":true,"href":"https:\/\/www.appoloviracel.com.uy\/index.php\/wp-json\/wp\/v2\/comments?post=43625"}],"wp:featuredmedia":[{"embeddable":true,"href":"https:\/\/www.appoloviracel.com.uy\/index.php\/wp-json\/wp\/v2\/media\/43626"}],"wp:attachment":[{"href":"https:\/\/www.appoloviracel.com.uy\/index.php\/wp-json\/wp\/v2\/media?parent=43625"}],"curies":[{"name":"wp","href":"https:\/\/api.w.org\/{rel}","templated":true}]}}