{"id":43612,"date":"2025-03-17T20:26:16","date_gmt":"2025-03-17T23:26:16","guid":{"rendered":"https:\/\/www.appoloviracel.com.uy\/?post_type=product&#038;p=43612"},"modified":"2025-10-18T10:17:33","modified_gmt":"2025-10-18T13:17:33","slug":"celular-iphone-16e-128gb-8gb","status":"publish","type":"product","link":"https:\/\/www.appoloviracel.com.uy\/index.php\/product\/celular-iphone-16e-128gb-8gb\/","title":{"rendered":"Celular iPhone \u00ab16e\u00bb (128Gb-8Gb)"},"content":{"rendered":"<h2>Caracter\u00edsticas y especificaciones:<\/h2>\n<h4><span style=\"color: #ff0000;\"><strong>Equipo Nuevo<\/strong><\/span><\/h4>\n<p>El <strong>Apple iPhone 16e<\/strong> reemplaza al iPhone SE para ser el m\u00e1s econ\u00f3mico iPhone de Apple. El iPhone 16e cuenta con una pantalla OLED de 6.1 pulgadas y est\u00e1 potenciado por un procesador Apple A18 junto con 8GB de RAM y 128GB de almacenamiento interno. Con una \u00fanica c\u00e1mara posterior de 48MP con OIS, el iPhone 16e tiene parlantes stereo, Face ID, carga inal\u00e1mbrica y protecci\u00f3n contra el polvo y agua, corriendo iOS 18 con la suite completa de Apple Intelligence.<\/p>\n<ul>\n<li>Pantalla: 6.1&#8243;, 1170 * 2532 pixeles<\/li>\n<li>Procesador: Apple A18<\/li>\n<li>Memoria RAM: 8GB<\/li>\n<li>Almacenamiento: 128GB<\/li>\n<li>Expansi\u00f3n: sin micro SD<\/li>\n<li>C\u00e1mara: 48 MP<\/li>\n<li>OS: iOS 18<\/li>\n<li>Perfil: 7.8 mm<\/li>\n<li>Peso: 167 grs.<\/li>\n<li>Se incluyen los siguientes accesorios: <strong>Cable original y Manual<\/strong><\/li>\n<li><strong>Garant\u00eda:<\/strong> 12 meses contra defecto de fabricaci\u00f3n<\/li>\n<\/ul>\n<h4><\/h4>\n<h4><span style=\"color: #ff0000;\"><strong>Contado efectivo: 10% de Descuento<\/strong><\/span><\/h4>\n<h5><strong>*Las im\u00e1genes son a modo ilustrativo.<\/strong><\/h5>\n","protected":false},"excerpt":{"rendered":"<h3><strong><span style=\"font-family: 'Cambria','serif'; color: #339966;\">U$S 865<\/span><\/strong><\/h3>\n","protected":false},"featured_media":43613,"comment_status":"open","ping_status":"closed","template":"","meta":[],"_links":{"self":[{"href":"https:\/\/www.appoloviracel.com.uy\/index.php\/wp-json\/wp\/v2\/product\/43612"}],"collection":[{"href":"https:\/\/www.appoloviracel.com.uy\/index.php\/wp-json\/wp\/v2\/product"}],"about":[{"href":"https:\/\/www.appoloviracel.com.uy\/index.php\/wp-json\/wp\/v2\/types\/product"}],"replies":[{"embeddable":true,"href":"https:\/\/www.appoloviracel.com.uy\/index.php\/wp-json\/wp\/v2\/comments?post=43612"}],"wp:featuredmedia":[{"embeddable":true,"href":"https:\/\/www.appoloviracel.com.uy\/index.php\/wp-json\/wp\/v2\/media\/43613"}],"wp:attachment":[{"href":"https:\/\/www.appoloviracel.com.uy\/index.php\/wp-json\/wp\/v2\/media?parent=43612"}],"curies":[{"name":"wp","href":"https:\/\/api.w.org\/{rel}","templated":true}]}}