{"id":4361,"date":"2021-03-05T21:18:32","date_gmt":"2021-03-06T00:18:32","guid":{"rendered":"https:\/\/www.appoloviracel.com.uy\/?post_type=product&#038;p=4361"},"modified":"2025-04-05T10:47:33","modified_gmt":"2025-04-05T13:47:33","slug":"mouse-inalambrico-logitech-m170","status":"publish","type":"product","link":"https:\/\/www.appoloviracel.com.uy\/index.php\/product\/mouse-inalambrico-logitech-m170\/","title":{"rendered":"Mouse Logitech \u00abM170\u00bb Inal\u00e1mbrico"},"content":{"rendered":"<h4>Caracter\u00edsticas y especificaciones:<\/h4>\n<ul>\n<li><strong>Windows 7, Windows 8, Windows 10 o posterior<\/strong><\/li>\n<li><strong>Mac OS X 10.8 posterior<\/strong><\/li>\n<li><strong>Chrome OS<\/strong><\/li>\n<li><strong>Linux kernel 2.6+<\/strong><\/li>\n<li><strong>Puerto USB<\/strong><\/li>\n<li><strong>Tipo de conexi\u00f3n: Tecnolog\u00eda inal\u00e1mbrica de 2,4 GHz<\/strong><\/li>\n<li><strong>Alcance inal\u00e1mbrico: 10 m<\/strong><\/li>\n<li><strong>Bater\u00eda: 1 bater\u00eda AA<\/strong><\/li>\n<li><strong>Duraci\u00f3n de bater\u00eda: 1 a\u00f1o<\/strong><\/li>\n<li><strong>Garant\u00eda: 1 A\u00f1o contra defecto de fabricaci\u00f3n<\/strong><\/li>\n<\/ul>\n<h5><\/h5>\n<h5><strong>*Las im\u00e1genes son a modo ilustrativo.<\/strong><\/h5>\n","protected":false},"excerpt":{"rendered":"<h3><span style=\"color: #339966;\"><strong>U$S 13<\/strong><\/span><\/h3>\n","protected":false},"featured_media":4362,"comment_status":"open","ping_status":"closed","template":"","meta":[],"_links":{"self":[{"href":"https:\/\/www.appoloviracel.com.uy\/index.php\/wp-json\/wp\/v2\/product\/4361"}],"collection":[{"href":"https:\/\/www.appoloviracel.com.uy\/index.php\/wp-json\/wp\/v2\/product"}],"about":[{"href":"https:\/\/www.appoloviracel.com.uy\/index.php\/wp-json\/wp\/v2\/types\/product"}],"replies":[{"embeddable":true,"href":"https:\/\/www.appoloviracel.com.uy\/index.php\/wp-json\/wp\/v2\/comments?post=4361"}],"wp:featuredmedia":[{"embeddable":true,"href":"https:\/\/www.appoloviracel.com.uy\/index.php\/wp-json\/wp\/v2\/media\/4362"}],"wp:attachment":[{"href":"https:\/\/www.appoloviracel.com.uy\/index.php\/wp-json\/wp\/v2\/media?parent=4361"}],"curies":[{"name":"wp","href":"https:\/\/api.w.org\/{rel}","templated":true}]}}