{"id":43603,"date":"2025-03-03T20:02:27","date_gmt":"2025-03-03T23:02:27","guid":{"rendered":"https:\/\/www.appoloviracel.com.uy\/?post_type=product&#038;p=43603"},"modified":"2025-04-14T14:20:08","modified_gmt":"2025-04-14T17:20:08","slug":"celular-zte-blade-v60-256gb-16gb","status":"publish","type":"product","link":"https:\/\/www.appoloviracel.com.uy\/index.php\/product\/celular-zte-blade-v60-256gb-16gb\/","title":{"rendered":"Celular ZTE \u00abBlade V60\u00bb (256Gb, 6Gb+10Gb)"},"content":{"rendered":"<h2>Caracter\u00edsticas y especificaciones:<\/h2>\n<p>El <strong>ZTE Blade V60<\/strong> es un smartphone Android con una pantalla FHD+ de 6.72 pulgadas. Por dentro, encontramos un procesador Unisoc T616 con 6GB + 10GB de RAM virtual, y una bater\u00eda de 5.000 mAh con soporte para carga r\u00e1pida. El Blade V60 tiene una c\u00e1mara triple de 50MP en su posterior, y corre Android 13.<\/p>\n<ul>\n<li>Pantalla: 6.6&#8243;, 1080 * 2400 pixeles<\/li>\n<li>Procesador: Unisoc T616 2GHz<\/li>\n<li>Memoria RAM: 6GB + 10GB(virtual)<\/li>\n<li>Almacenamiento: 256GB<\/li>\n<li>Expansi\u00f3n: microSD<\/li>\n<li>C\u00e1mara: Triple, 50MP+2MP+2MP<\/li>\n<li>Bater\u00eda: 5.000 mAh<\/li>\n<li>OS: Android 13<\/li>\n<li>Perfil: 8.2 mm<\/li>\n<li>Peso: 210 grs.<\/li>\n<li>Se incluyen los siguientes accesorios: <strong>Cargador y Manual<\/strong><\/li>\n<li><strong>Garant\u00eda:<\/strong> 12 meses contra defecto de fabricaci\u00f3n<\/li>\n<\/ul>\n<p>&nbsp;<\/p>\n<h4><span style=\"color: #ff0000;\"><strong>Contado efectivo: 10% de Descuento<\/strong><\/span><\/h4>\n<h5><strong>*Las im\u00e1genes son a modo ilustrativo.<\/strong><\/h5>\n","protected":false},"excerpt":{"rendered":"<h3><span style=\"color: #339966;\"><strong>U$S 170<\/strong><\/span><\/h3>\n","protected":false},"featured_media":43604,"comment_status":"open","ping_status":"closed","template":"","meta":[],"_links":{"self":[{"href":"https:\/\/www.appoloviracel.com.uy\/index.php\/wp-json\/wp\/v2\/product\/43603"}],"collection":[{"href":"https:\/\/www.appoloviracel.com.uy\/index.php\/wp-json\/wp\/v2\/product"}],"about":[{"href":"https:\/\/www.appoloviracel.com.uy\/index.php\/wp-json\/wp\/v2\/types\/product"}],"replies":[{"embeddable":true,"href":"https:\/\/www.appoloviracel.com.uy\/index.php\/wp-json\/wp\/v2\/comments?post=43603"}],"wp:featuredmedia":[{"embeddable":true,"href":"https:\/\/www.appoloviracel.com.uy\/index.php\/wp-json\/wp\/v2\/media\/43604"}],"wp:attachment":[{"href":"https:\/\/www.appoloviracel.com.uy\/index.php\/wp-json\/wp\/v2\/media?parent=43603"}],"curies":[{"name":"wp","href":"https:\/\/api.w.org\/{rel}","templated":true}]}}