{"id":43598,"date":"2025-03-02T19:43:46","date_gmt":"2025-03-02T22:43:46","guid":{"rendered":"https:\/\/www.appoloviracel.com.uy\/?post_type=product&#038;p=43598"},"modified":"2025-04-11T18:05:22","modified_gmt":"2025-04-11T21:05:22","slug":"extensor-tp-link-ac750-re200-mesh-wi-fi-dual-band-24ghz-y-5ghz","status":"publish","type":"product","link":"https:\/\/www.appoloviracel.com.uy\/index.php\/product\/extensor-tp-link-ac750-re200-mesh-wi-fi-dual-band-24ghz-y-5ghz\/","title":{"rendered":"Extensor Tp-Link \u00abAC750\u00bb RE200 Mesh Wi-Fi Dual Band (2,4GHz y 5GHz)"},"content":{"rendered":"<h2>Caracter\u00edsticas y especificaciones:<\/h2>\n<ul>\n<li>Elimina las zonas muertas de Wi-Fi con una robusta extensi\u00f3n Wi-Fi con velocidades combinadas de hasta 750Mbps<\/li>\n<li>Funciona sobre las bandas de 2.4GHz (300Mbps) y 5GHz (433Mbps) para una experiencia inal\u00e1mbrica m\u00e1s estable<\/li>\n<li>Link Backup. Funci\u00f3n de respaldo ante posibles ca\u00eddas de conexi\u00f3n en una de las bandas.<\/li>\n<li>Indicadores de se\u00f1al que ayudan a encontrar la mejor ubicaci\u00f3n para una cobertura Wi-Fi \u00f3ptima mostrando la intensidad de se\u00f1al<\/li>\n<li>Compatible con cualquier router\u00a0 Wi-Fi o punto de acceso inal\u00e1mbrico<\/li>\n<\/ul>\n<h5><\/h5>\n<h5><strong>*Las im\u00e1genes son a modo ilustrativo.<\/strong><\/h5>\n","protected":false},"excerpt":{"rendered":"<h3><span style=\"color: #339966;\"><strong>$ 1.650<\/strong><\/span><\/h3>\n","protected":false},"featured_media":43599,"comment_status":"open","ping_status":"closed","template":"","meta":[],"_links":{"self":[{"href":"https:\/\/www.appoloviracel.com.uy\/index.php\/wp-json\/wp\/v2\/product\/43598"}],"collection":[{"href":"https:\/\/www.appoloviracel.com.uy\/index.php\/wp-json\/wp\/v2\/product"}],"about":[{"href":"https:\/\/www.appoloviracel.com.uy\/index.php\/wp-json\/wp\/v2\/types\/product"}],"replies":[{"embeddable":true,"href":"https:\/\/www.appoloviracel.com.uy\/index.php\/wp-json\/wp\/v2\/comments?post=43598"}],"wp:featuredmedia":[{"embeddable":true,"href":"https:\/\/www.appoloviracel.com.uy\/index.php\/wp-json\/wp\/v2\/media\/43599"}],"wp:attachment":[{"href":"https:\/\/www.appoloviracel.com.uy\/index.php\/wp-json\/wp\/v2\/media?parent=43598"}],"curies":[{"name":"wp","href":"https:\/\/api.w.org\/{rel}","templated":true}]}}