{"id":43592,"date":"2025-03-01T00:10:23","date_gmt":"2025-03-01T03:10:23","guid":{"rendered":"https:\/\/www.appoloviracel.com.uy\/?post_type=product&#038;p=43592"},"modified":"2025-11-14T11:30:14","modified_gmt":"2025-11-14T14:30:14","slug":"celular-xiaomi-poco-x7pro-512gb-12gb","status":"publish","type":"product","link":"https:\/\/www.appoloviracel.com.uy\/index.php\/product\/celular-xiaomi-poco-x7pro-512gb-12gb\/","title":{"rendered":"Celular Xiaomi \u00abPoco X7Pro\u00bb (512Gb-12Gb)"},"content":{"rendered":"<h2>Caracter\u00edsticas y especificaciones:<\/h2>\n<p>El <strong>Xiaomi Poco X7 Pro<\/strong> es el tel\u00e9fono m\u00e1s avanzado de la serie, con una pantalla AMOLED de 6.67 pulgadas y 120Hz de refresco, y potenciado por un procesador Dimensity 8400 Ultra acompa\u00f1ado de hasta 12GB de RAM y 512GB de almacenamiento no expandible. Su c\u00e1mara dual cuenta con sensor principal de 50MP con OIS, tiene una bater\u00eda de 6000 mAh de carga r\u00e1pida, parlantes est\u00e9reo, lector de huellas bajo pantalla y resiste el polvo y agua<\/p>\n<ul>\n<li>Pantalla: 6.67&#8243;, 1220 * 2712 pixels<\/li>\n<li>Procesador: Mediatek Dimensity 8400 Ultra 3.25GHz<\/li>\n<li>Memoria RAM: 12GB<\/li>\n<li>Almacenamiento: 512GB<\/li>\n<li>Expansi\u00f3n: sin microSD<\/li>\n<li>C\u00e1mara: Dual, 50MP+8MP<\/li>\n<li>Bater\u00eda: 6000 mAh<\/li>\n<li>OS: Android 15<\/li>\n<li>Perfil: 8.3 mm<\/li>\n<li>Peso: 195 grs.<\/li>\n<li>Se incluyen los siguientes accesorios: <strong>Cargador y Manual<\/strong><\/li>\n<li><strong>Garant\u00eda:<\/strong> 12 meses contra defecto de fabricaci\u00f3n<\/li>\n<\/ul>\n<p><strong>\u00a0<\/strong><\/p>\n<h4><span style=\"color: #ff0000;\"><strong>\u00a0Contado efectivo: 10% de Descuento<\/strong><\/span><\/h4>\n<h5><strong>*Las im\u00e1genes son a modo ilustrativo.<\/strong><\/h5>\n","protected":false},"excerpt":{"rendered":"<h3><strong><span style=\"font-family: 'Cambria','serif'; color: #339966;\">U$S 529<\/span><\/strong><\/h3>\n","protected":false},"featured_media":43594,"comment_status":"open","ping_status":"closed","template":"","meta":[],"_links":{"self":[{"href":"https:\/\/www.appoloviracel.com.uy\/index.php\/wp-json\/wp\/v2\/product\/43592"}],"collection":[{"href":"https:\/\/www.appoloviracel.com.uy\/index.php\/wp-json\/wp\/v2\/product"}],"about":[{"href":"https:\/\/www.appoloviracel.com.uy\/index.php\/wp-json\/wp\/v2\/types\/product"}],"replies":[{"embeddable":true,"href":"https:\/\/www.appoloviracel.com.uy\/index.php\/wp-json\/wp\/v2\/comments?post=43592"}],"wp:featuredmedia":[{"embeddable":true,"href":"https:\/\/www.appoloviracel.com.uy\/index.php\/wp-json\/wp\/v2\/media\/43594"}],"wp:attachment":[{"href":"https:\/\/www.appoloviracel.com.uy\/index.php\/wp-json\/wp\/v2\/media?parent=43592"}],"curies":[{"name":"wp","href":"https:\/\/api.w.org\/{rel}","templated":true}]}}