{"id":43586,"date":"2025-02-27T19:47:30","date_gmt":"2025-02-27T22:47:30","guid":{"rendered":"https:\/\/www.appoloviracel.com.uy\/?post_type=product&#038;p=43586"},"modified":"2025-04-09T17:48:48","modified_gmt":"2025-04-09T20:48:48","slug":"auricular-vention-nbubo-bluetooth","status":"publish","type":"product","link":"https:\/\/www.appoloviracel.com.uy\/index.php\/product\/auricular-vention-nbubo-bluetooth\/","title":{"rendered":"Auricular Vention \u00abNBUBO\u00bb (Bluetooth)"},"content":{"rendered":"<h2>Caracter\u00edsticas y especificaciones:<\/h2>\n<p>Los Auriculares BT Vention NBUB0 brindan una excelente experiencia musical con una calidad de sonido v\u00edvida y un conveniente dise\u00f1o inal\u00e1mbrico. Este producto es adecuado tanto para los amantes del deporte como para aquellos que necesitan un complemento de moda para el d\u00eda a d\u00eda.<\/p>\n<ul>\n<li>Versi\u00f3n de Bluetooth: Bluetooth 5.4<\/li>\n<li>Material: ABS + ordenador<\/li>\n<li>Capacidad de la bater\u00eda de los auriculares: 40 mAh\/0,148 Wh<\/li>\n<li>Potencia de entrada de los auriculares: 5V\/35mA<\/li>\n<li>Capacidad de la bater\u00eda del estuche de carga: 400 mAh\/1,48 Wh<\/li>\n<li>Potencia de entrada del estuche de carga: 5V\/400mA<\/li>\n<li>Interfaz del estuche de carga: USB-C<\/li>\n<\/ul>\n<p>&nbsp;<\/p>\n<h5><strong>*Las im\u00e1genes son a modo ilustrativo.<\/strong><\/h5>\n","protected":false},"excerpt":{"rendered":"<h3><strong><span style=\"font-family: 'Cambria','serif'; color: #339966;\">$ 1.190<\/span><\/strong><\/h3>\n","protected":false},"featured_media":43587,"comment_status":"open","ping_status":"closed","template":"","meta":[],"_links":{"self":[{"href":"https:\/\/www.appoloviracel.com.uy\/index.php\/wp-json\/wp\/v2\/product\/43586"}],"collection":[{"href":"https:\/\/www.appoloviracel.com.uy\/index.php\/wp-json\/wp\/v2\/product"}],"about":[{"href":"https:\/\/www.appoloviracel.com.uy\/index.php\/wp-json\/wp\/v2\/types\/product"}],"replies":[{"embeddable":true,"href":"https:\/\/www.appoloviracel.com.uy\/index.php\/wp-json\/wp\/v2\/comments?post=43586"}],"wp:featuredmedia":[{"embeddable":true,"href":"https:\/\/www.appoloviracel.com.uy\/index.php\/wp-json\/wp\/v2\/media\/43587"}],"wp:attachment":[{"href":"https:\/\/www.appoloviracel.com.uy\/index.php\/wp-json\/wp\/v2\/media?parent=43586"}],"curies":[{"name":"wp","href":"https:\/\/api.w.org\/{rel}","templated":true}]}}