{"id":43567,"date":"2025-02-24T18:46:59","date_gmt":"2025-02-24T21:46:59","guid":{"rendered":"https:\/\/www.appoloviracel.com.uy\/?post_type=product&#038;p=43567"},"modified":"2025-04-03T20:08:43","modified_gmt":"2025-04-03T23:08:43","slug":"auricular-vention-nbrpo-bluetooth","status":"publish","type":"product","link":"https:\/\/www.appoloviracel.com.uy\/index.php\/product\/auricular-vention-nbrpo-bluetooth\/","title":{"rendered":"Auricular Vention \u00abNBRPO\u00bb (Bluetooth)"},"content":{"rendered":"<h2>Caracter\u00edsticas y especificaciones:<\/h2>\n<p>Entre en una nueva dimensi\u00f3n de deleite auditivo con los auriculares Bluetooth True Wireless NBR de Vention. Dise\u00f1ados para quienes buscan una combinaci\u00f3n incomparable de estilo y audio de alto rendimiento, estos auriculares no son solo accesorios, sino una declaraci\u00f3n de sofisticaci\u00f3n y destreza tecnol\u00f3gica. Ya sea que est\u00e9 viajando por la bulliciosa ciudad, haciendo ejercicio en el gimnasio o simplemente relaj\u00e1ndose en casa, los auriculares NBR ofrecen una experiencia auditiva que es tan elegante como envolvente.<\/p>\n<ul>\n<li>Marca : Vention<\/li>\n<li>Modelo : NBRNO<\/li>\n<li>Nombre : Auriculares Bluetooth inal\u00e1mbricos LoopJoy<\/li>\n<li>Versi\u00f3n de Bluetooth : 5.3, que proporciona conexiones r\u00e1pidas y confiables.<\/li>\n<li>Perfiles Bluetooth compatibles : AVRCP, A2DP, HFP, HSP garantizan la compatibilidad con una amplia gama de dispositivos.<\/li>\n<li>C\u00f3decs compatibles : SBC, AAC, que ofrecen versatilidad en la reproducci\u00f3n de audio.<\/li>\n<li>Material : Fabricado con materiales ABS y PC duraderos para un uso duradero.<\/li>\n<li>Alcance efectivo : hasta 10 metros, lo que le proporciona flexibilidad y libertad.<\/li>\n<li>Rango de frecuencia : 2400 MHz a 2480 MHz, lo que garantiza una transmisi\u00f3n de audio de calidad.<\/li>\n<li>Capacidad de la bater\u00eda de los auriculares : 35 mAh por auricular, lo que proporciona un rendimiento constante.<\/li>\n<li>Capacidad de la bater\u00eda del estuche de carga : 300 mAh, lo que proporciona una c\u00f3moda carga mientras viaja.<\/li>\n<li>Interfaz : USB-C para una carga r\u00e1pida y eficiente.<\/li>\n<\/ul>\n<p>&nbsp;<\/p>\n<h5><strong>*Las im\u00e1genes son a modo ilustrativo.<\/strong><\/h5>\n","protected":false},"excerpt":{"rendered":"<h3><strong><span style=\"font-family: 'Cambria','serif'; color: #339966;\">$ 1.490<\/span><\/strong><\/h3>\n","protected":false},"featured_media":43568,"comment_status":"open","ping_status":"closed","template":"","meta":[],"_links":{"self":[{"href":"https:\/\/www.appoloviracel.com.uy\/index.php\/wp-json\/wp\/v2\/product\/43567"}],"collection":[{"href":"https:\/\/www.appoloviracel.com.uy\/index.php\/wp-json\/wp\/v2\/product"}],"about":[{"href":"https:\/\/www.appoloviracel.com.uy\/index.php\/wp-json\/wp\/v2\/types\/product"}],"replies":[{"embeddable":true,"href":"https:\/\/www.appoloviracel.com.uy\/index.php\/wp-json\/wp\/v2\/comments?post=43567"}],"wp:featuredmedia":[{"embeddable":true,"href":"https:\/\/www.appoloviracel.com.uy\/index.php\/wp-json\/wp\/v2\/media\/43568"}],"wp:attachment":[{"href":"https:\/\/www.appoloviracel.com.uy\/index.php\/wp-json\/wp\/v2\/media?parent=43567"}],"curies":[{"name":"wp","href":"https:\/\/api.w.org\/{rel}","templated":true}]}}