{"id":43562,"date":"2025-02-23T20:50:58","date_gmt":"2025-02-23T23:50:58","guid":{"rendered":"https:\/\/www.appoloviracel.com.uy\/?post_type=product&#038;p=43562"},"modified":"2025-04-02T17:57:04","modified_gmt":"2025-04-02T20:57:04","slug":"auricular-philips-shl-5005-vincha","status":"publish","type":"product","link":"https:\/\/www.appoloviracel.com.uy\/index.php\/product\/auricular-philips-shl-5005-vincha\/","title":{"rendered":"Auricular Philips \u00abSHL 5005\u00bb (Vincha)"},"content":{"rendered":"<h2>Caracter\u00edsticas y especificaciones:<\/h2>\n<p>Los auriculares PHILIPS SHL5005 est\u00e1n dise\u00f1ados para que disfrutes de la m\u00fasica vayas donde vayas. Las suaves almohadillas te permiten escuchar tus canciones preferidas por m\u00e1s tiempo y el excelente sonido te ofrece una experiencia espectacular. Experimenta un sonido envolvente y potente con el auricular Philips Extra Bass SHL5005. Estos auriculares est\u00e1n dise\u00f1ados para brindarte una experiencia musical inigualable. Sus almohadillas suaves de cuero garantizan un uso sin interrupciones. Adem\u00e1s, su dise\u00f1o plegable te permite transportarlos f\u00e1cilmente a donde vayas. Olv\u00eddate de los ruidos molestos, ya que el aislamiento de ruidos te sumerge en tu m\u00fasica favorita. Los auriculares en espiral se ajustan c\u00f3modamente a la forma de tu cabeza, asegurando un ajuste perfecto sin a\u00f1adir peso extra. Y con los controladores de altavoces de 32mm, cada nota y cada ritmo ser\u00e1n potentes y profundos. El micr\u00f3fono integrado te permite cambiar f\u00e1cilmente entre la m\u00fasica y las llamadas telef\u00f3nicas.<\/p>\n<ul>\n<li>Conectividad: 3,5 mm.<\/li>\n<li>Potencia: 40 mW (m\u00e1xima de entrada).<\/li>\n<li>Micr\u00f3fono.<\/li>\n<li>Dise\u00f1o Plegable.<\/li>\n<li>Sistema Ac\u00fastico: Cerrado.<\/li>\n<li>Tipo de Altavoz: Din\u00e1mico.<\/li>\n<li>Di\u00e1metro del Parlante: 32 mm.<\/li>\n<li>Tipo de Im\u00e1n: Neodimio.<\/li>\n<li>Respuesta de Frecuencia: 9 Hz &#8211; 24 kHz.<\/li>\n<li>Sensibilidad: 104 dB.<\/li>\n<li>Impedancia: 24 ohm.<\/li>\n<li>Longitud del Cable: 1,2 m APROX.<\/li>\n<\/ul>\n<p>&nbsp;<\/p>\n<h5><strong>*Las im\u00e1genes son a modo ilustrativo.<\/strong><\/h5>\n","protected":false},"excerpt":{"rendered":"<h3><span style=\"color: #339966;\"><strong>U$S 29<\/strong><\/span><\/h3>\n","protected":false},"featured_media":43563,"comment_status":"open","ping_status":"closed","template":"","meta":[],"_links":{"self":[{"href":"https:\/\/www.appoloviracel.com.uy\/index.php\/wp-json\/wp\/v2\/product\/43562"}],"collection":[{"href":"https:\/\/www.appoloviracel.com.uy\/index.php\/wp-json\/wp\/v2\/product"}],"about":[{"href":"https:\/\/www.appoloviracel.com.uy\/index.php\/wp-json\/wp\/v2\/types\/product"}],"replies":[{"embeddable":true,"href":"https:\/\/www.appoloviracel.com.uy\/index.php\/wp-json\/wp\/v2\/comments?post=43562"}],"wp:featuredmedia":[{"embeddable":true,"href":"https:\/\/www.appoloviracel.com.uy\/index.php\/wp-json\/wp\/v2\/media\/43563"}],"wp:attachment":[{"href":"https:\/\/www.appoloviracel.com.uy\/index.php\/wp-json\/wp\/v2\/media?parent=43562"}],"curies":[{"name":"wp","href":"https:\/\/api.w.org\/{rel}","templated":true}]}}