{"id":4355,"date":"2021-03-05T21:15:02","date_gmt":"2021-03-06T00:15:02","guid":{"rendered":"https:\/\/www.appoloviracel.com.uy\/?post_type=product&#038;p=4355"},"modified":"2021-03-27T15:08:58","modified_gmt":"2021-03-27T18:08:58","slug":"mouse-inalambrico-genius-nx-7015","status":"publish","type":"product","link":"https:\/\/www.appoloviracel.com.uy\/index.php\/product\/mouse-inalambrico-genius-nx-7015\/","title":{"rendered":"Mouse Genius \u00abNX-7015\u00bb Inal\u00e1mbrico"},"content":{"rendered":"<h4>Caracter\u00edsticas y especificaciones:<\/h4>\n<ul>\n<li>Color: Dorado<\/li>\n<li>Mouse \u00f3ptico de 2.4GHz.<\/li>\n<li>Tres botones (contando scroll).<\/li>\n<li>Funciona con 1 pila AA.<\/li>\n<li>Sensor \u00f3ptico de 1200 dpi para un mejor control de movimiento.<\/li>\n<li>Receptor USB de reducido tama\u00f1o.<\/li>\n<li>Soporta los siguientes SO: Windows\u00ae8\/ 7\/Vista\/XP, Mac OSX 10.4+ o superior.<\/li>\n<li>Interruptor de encendido extiende la vida de la bater\u00eda.<\/li>\n<li>El dise\u00f1o de suaves l\u00edneas es ideal para cualquier mano.<\/li>\n<li>Garant\u00eda: 1 A\u00f1o contra defecto de fabricaci\u00f3n<\/li>\n<\/ul>\n<p>&nbsp;<\/p>\n<h5><strong>*Las im\u00e1genes son a modo ilustrativo.<\/strong><\/h5>\n","protected":false},"excerpt":{"rendered":"<h3><span style=\"color: #339966;\"><strong>$ 590<\/strong><\/span><\/h3>\n","protected":false},"featured_media":4356,"comment_status":"open","ping_status":"closed","template":"","meta":[],"_links":{"self":[{"href":"https:\/\/www.appoloviracel.com.uy\/index.php\/wp-json\/wp\/v2\/product\/4355"}],"collection":[{"href":"https:\/\/www.appoloviracel.com.uy\/index.php\/wp-json\/wp\/v2\/product"}],"about":[{"href":"https:\/\/www.appoloviracel.com.uy\/index.php\/wp-json\/wp\/v2\/types\/product"}],"replies":[{"embeddable":true,"href":"https:\/\/www.appoloviracel.com.uy\/index.php\/wp-json\/wp\/v2\/comments?post=4355"}],"wp:featuredmedia":[{"embeddable":true,"href":"https:\/\/www.appoloviracel.com.uy\/index.php\/wp-json\/wp\/v2\/media\/4356"}],"wp:attachment":[{"href":"https:\/\/www.appoloviracel.com.uy\/index.php\/wp-json\/wp\/v2\/media?parent=4355"}],"curies":[{"name":"wp","href":"https:\/\/api.w.org\/{rel}","templated":true}]}}