{"id":43543,"date":"2025-02-19T16:56:28","date_gmt":"2025-02-19T19:56:28","guid":{"rendered":"https:\/\/www.appoloviracel.com.uy\/?post_type=product&#038;p=43543"},"modified":"2025-03-23T18:26:14","modified_gmt":"2025-03-23T21:26:14","slug":"parlante-philips-tax2208-30w-bluetooth","status":"publish","type":"product","link":"https:\/\/www.appoloviracel.com.uy\/index.php\/product\/parlante-philips-tax2208-30w-bluetooth\/","title":{"rendered":"Parlante Philips \u00abTAX2208\u00bb 30w (Bluetooth)"},"content":{"rendered":"<h2>Caracter\u00edsticas y especificaciones:<\/h2>\n<p>Disfruta de la mejor experiencia musical con el Party Speaker Bluetooth de Philips, un potente altavoz con 30W RMS y un woofer de 8&#8243; que garantiza un sonido envolvente. Su bater\u00eda recargable ofrece hasta 7 horas de autonom\u00eda, ideal para tus fiestas. Con un alcance Bluetooth de 10 metros, podr\u00e1s conectar tus dispositivos sin complicaciones. Este altavoz cuenta con una consola superior que te permite regular el volumen, el ecualizador y las luces r\u00edtmicas, creando un ambiente festivo. Adem\u00e1s, incluye entrada para micr\u00f3fono y guitarra, y cuenta con funci\u00f3n karaoke y TWS para conectar m\u00faltiples altavoces. Su dise\u00f1o port\u00e1til y resistente al polvo lo hace perfecto para uso en exteriores. Con un tiempo de carga de solo 2,5 horas, \u00a1estar\u00e1s listo para la fiesta en un instante!<\/p>\n<ul>\n<li>Conectividad: Bluetooth 5.2<\/li>\n<li>Potencia de Salida: 30 W.<\/li>\n<li>Altavoces Incorporados: Woofers 8 * 1.<\/li>\n<li>Efecto de luces del altavoz.<\/li>\n<li>Capacidad bater\u00eda: 3.000 mAh.<\/li>\n<li>Duraci\u00f3n de la bater\u00eda: 7 h aprox.<\/li>\n<li>Tiempo de carga: 2,5 h aprox.<\/li>\n<li>Dimensiones: 342 * 250 * 250 mm aprox.<\/li>\n<li>Peso: 2,82 kg aprox.<\/li>\n<\/ul>\n<p>&nbsp;<\/p>\n<h5><strong>*Las im\u00e1genes son a modo ilustrativo.<\/strong><\/h5>\n","protected":false},"excerpt":{"rendered":"<h3><span style=\"color: #339966;\"><strong>U$S 109<\/strong><\/span><\/h3>\n","protected":false},"featured_media":43544,"comment_status":"open","ping_status":"closed","template":"","meta":[],"_links":{"self":[{"href":"https:\/\/www.appoloviracel.com.uy\/index.php\/wp-json\/wp\/v2\/product\/43543"}],"collection":[{"href":"https:\/\/www.appoloviracel.com.uy\/index.php\/wp-json\/wp\/v2\/product"}],"about":[{"href":"https:\/\/www.appoloviracel.com.uy\/index.php\/wp-json\/wp\/v2\/types\/product"}],"replies":[{"embeddable":true,"href":"https:\/\/www.appoloviracel.com.uy\/index.php\/wp-json\/wp\/v2\/comments?post=43543"}],"wp:featuredmedia":[{"embeddable":true,"href":"https:\/\/www.appoloviracel.com.uy\/index.php\/wp-json\/wp\/v2\/media\/43544"}],"wp:attachment":[{"href":"https:\/\/www.appoloviracel.com.uy\/index.php\/wp-json\/wp\/v2\/media?parent=43543"}],"curies":[{"name":"wp","href":"https:\/\/api.w.org\/{rel}","templated":true}]}}