{"id":43536,"date":"2025-02-18T19:30:44","date_gmt":"2025-02-18T22:30:44","guid":{"rendered":"https:\/\/www.appoloviracel.com.uy\/?post_type=product&#038;p=43536"},"modified":"2025-03-22T19:01:41","modified_gmt":"2025-03-22T22:01:41","slug":"auricular-philips-tah-4205-vincha-bluetooth","status":"publish","type":"product","link":"https:\/\/www.appoloviracel.com.uy\/index.php\/product\/auricular-philips-tah-4205-vincha-bluetooth\/","title":{"rendered":"Auricular Philips \u00abTAH 4205\u00bb (Bluetooth)"},"content":{"rendered":"<h2>Caracter\u00edsticas y especificaciones:<\/h2>\n<ul>\n<li>Sigue disfrutando de tus sonidos con graves m\u00e1s intensos. Estos aud\u00edfonos supraurales inal\u00e1mbricos cuentan con un bot\u00f3n de refuerzo de GRAVES, para que puedas subir el volumen al m\u00e1ximo cuando quieras. Obtienes hasta 29 horas de tiempo de m\u00fasica, carga r\u00e1pida y colores mate elegantes para elegir<\/li>\n<li>Bot\u00f3n de refuerzo de graves. Graves m\u00e1s potentes con un toque. Estos aud\u00edfonos intrauditivos cuentan con potentes controladores ac\u00fasticos de neodimio de 32 mm que te brindan un sonido n\u00edtido y graves profundos. Si quieres escuchar m\u00e1s graves, solo presiona el bot\u00f3n de refuerzo de graves y sentir\u00e1s la diferencia al instante.<\/li>\n<li>29 horas de tiempo de m\u00fasica. Carga por USB-C. Obtienes hasta 29 horas de tiempo de m\u00fasica con una carga de 2 horas por USB-C. Si comienzas a quedarte con poca bater\u00eda, una carga r\u00e1pida de 15 minutos mantendr\u00e1 la m\u00fasica\u00a0 durante otras 4 horas.<\/li>\n<li>Banda sujetadora acolchada, ligera y ajustable. Disponible en elegantes colores mate; estos aud\u00edfonos supraurales cuentan con una banda sujetadora acolchonada tan liviana que apenas la sentir\u00e1s. Las suaves almohadillas est\u00e1n claramente marcadas para la oreja izquierda y derecha, puedes moverlas hasta que encajen en una posici\u00f3n en la que te sientas c\u00f3modo.<\/li>\n<li>Dise\u00f1o plegable para guardarlo f\u00e1cilmente. Las almohadillas se pliegan y se doblan hacia adentro por completo, lo que hace que sean f\u00e1ciles de guardar en el bolsillo o en el bolso. Solo tienes que plegarlas y est\u00e1s listo para partir.<\/li>\n<li>Bot\u00f3n multifunci\u00f3n. Controla f\u00e1cilmente la m\u00fasica y las llamadas.<\/li>\n<li>Excelente aislamiento del sonido a partir del dise\u00f1o con parte posterior cerrada<\/li>\n<li>Bluetooth 5.0<\/li>\n<li>Impedancia 32 ohm<\/li>\n<li>Sensibilidad 110\u00a0 dB<\/li>\n<\/ul>\n<p>&nbsp;<\/p>\n<h5><strong>*Las im\u00e1genes son a modo ilustrativo.<\/strong><\/h5>\n","protected":false},"excerpt":{"rendered":"<h3><span style=\"color: #339966;\"><strong>U$S 69<\/strong><\/span><\/h3>\n","protected":false},"featured_media":43537,"comment_status":"open","ping_status":"closed","template":"","meta":[],"_links":{"self":[{"href":"https:\/\/www.appoloviracel.com.uy\/index.php\/wp-json\/wp\/v2\/product\/43536"}],"collection":[{"href":"https:\/\/www.appoloviracel.com.uy\/index.php\/wp-json\/wp\/v2\/product"}],"about":[{"href":"https:\/\/www.appoloviracel.com.uy\/index.php\/wp-json\/wp\/v2\/types\/product"}],"replies":[{"embeddable":true,"href":"https:\/\/www.appoloviracel.com.uy\/index.php\/wp-json\/wp\/v2\/comments?post=43536"}],"wp:featuredmedia":[{"embeddable":true,"href":"https:\/\/www.appoloviracel.com.uy\/index.php\/wp-json\/wp\/v2\/media\/43537"}],"wp:attachment":[{"href":"https:\/\/www.appoloviracel.com.uy\/index.php\/wp-json\/wp\/v2\/media?parent=43536"}],"curies":[{"name":"wp","href":"https:\/\/api.w.org\/{rel}","templated":true}]}}