{"id":43520,"date":"2025-02-15T14:25:12","date_gmt":"2025-02-15T17:25:12","guid":{"rendered":"https:\/\/www.appoloviracel.com.uy\/?post_type=product&#038;p=43520"},"modified":"2025-10-29T11:52:07","modified_gmt":"2025-10-29T14:52:07","slug":"celular-xiaomi-redmi-note14-5g-256gb-8gb","status":"publish","type":"product","link":"https:\/\/www.appoloviracel.com.uy\/index.php\/product\/celular-xiaomi-redmi-note14-5g-256gb-8gb\/","title":{"rendered":"Celular Xiaomi \u00abRedmi Note14\u00bb 5G (256Gb-8Gb)"},"content":{"rendered":"<h2>Caracter\u00edsticas y especificaciones:<strong>\u00a0<\/strong><\/h2>\n<h4><span style=\"color: #ff0000;\"><strong>Apto para LTE de todas las compa\u00f1\u00edas.<\/strong><\/span><\/h4>\n<p>El <strong>Xiaomi Redmi Note 14 5G <\/strong>es un smartphone Android con una pantalla AMOLED de 6.67 pulgadas y potenciado por un procesador Mediatek Dimensity 7025 Ultra con 8GB de RAM y 256GB de almacenamiento interno. Tiene una c\u00e1mara triple con sensor principal de 108MP y OIS, se alimenta de una bater\u00eda de 5.110 mAh con soporte para carga r\u00e1pida, tiene parlantes duales, resistencia al agua y corre HyperOS basado en Android 14.<\/p>\n<ul>\n<li>Pantalla: 6.67&#8243;, 1080 * 2400 pixels<\/li>\n<li>Procesador: MediaTek Dimensity 7025 Ultra 2.5GHz<\/li>\n<li>Memoria RAM: 8GB<\/li>\n<li>Almacenamiento: 256GB<\/li>\n<li>Expansi\u00f3n: microSD<\/li>\n<li>C\u00e1mara: Triple, 108MP+8MP +2MP<\/li>\n<li>Bater\u00eda: 5.110 mAh<\/li>\n<li>OS: Android 14<\/li>\n<li>Perfil: 8 mm<\/li>\n<li>Peso: 190 grs.<\/li>\n<li>Se incluyen los siguientes accesorios: <strong>Cargador y Manual <\/strong><\/li>\n<li><strong>Garant\u00eda:<\/strong> 12 meses contra defecto de fabricaci\u00f3n<\/li>\n<\/ul>\n<h4><strong>\u00a0<\/strong><\/h4>\n<h4><span style=\"color: #ff0000;\"><strong>Contado efectivo: 10% de Descuento<\/strong><\/span><\/h4>\n<h5><strong>*Las im\u00e1genes son a modo ilustrativo.<\/strong><\/h5>\n","protected":false},"excerpt":{"rendered":"<h3><strong><span style=\"font-family: 'Cambria','serif'; color: #339966;\">U$S 325<\/span><\/strong><\/h3>\n","protected":false},"featured_media":43521,"comment_status":"open","ping_status":"closed","template":"","meta":[],"_links":{"self":[{"href":"https:\/\/www.appoloviracel.com.uy\/index.php\/wp-json\/wp\/v2\/product\/43520"}],"collection":[{"href":"https:\/\/www.appoloviracel.com.uy\/index.php\/wp-json\/wp\/v2\/product"}],"about":[{"href":"https:\/\/www.appoloviracel.com.uy\/index.php\/wp-json\/wp\/v2\/types\/product"}],"replies":[{"embeddable":true,"href":"https:\/\/www.appoloviracel.com.uy\/index.php\/wp-json\/wp\/v2\/comments?post=43520"}],"wp:featuredmedia":[{"embeddable":true,"href":"https:\/\/www.appoloviracel.com.uy\/index.php\/wp-json\/wp\/v2\/media\/43521"}],"wp:attachment":[{"href":"https:\/\/www.appoloviracel.com.uy\/index.php\/wp-json\/wp\/v2\/media?parent=43520"}],"curies":[{"name":"wp","href":"https:\/\/api.w.org\/{rel}","templated":true}]}}