{"id":43516,"date":"2025-02-14T17:17:35","date_gmt":"2025-02-14T20:17:35","guid":{"rendered":"https:\/\/www.appoloviracel.com.uy\/?post_type=product&#038;p=43516"},"modified":"2025-03-19T19:15:55","modified_gmt":"2025-03-19T22:15:55","slug":"radio-philips-r3206-digital-despertador","status":"publish","type":"product","link":"https:\/\/www.appoloviracel.com.uy\/index.php\/product\/radio-philips-r3206-digital-despertador\/","title":{"rendered":"Radio Philips \u00abR3206\u00bb Digital-Despertador"},"content":{"rendered":"<h2>Caracter\u00edsticas y especificaciones:<\/h2>\n<p>Sintonizador digital, Fm; Alarma dual; Radio digital Fm: El sintonizador Fm ofrece una recepci\u00f3n clara y permite configurar hasta 10 presinton\u00edas de tus emisoras favoritas; adem\u00e1s, la pantalla muestra la hora claramente; Temporizador: Du\u00e9rmete escuchando la radio; Duerme pl\u00e1cidamente con tu emisora favorita de fondo. Bater\u00eda de reserva por si la alimentaci\u00f3n falla: Este reloj despertador dispone de una bater\u00eda de reserva. Si la alimentaci\u00f3n falla, no tendr\u00e1s que restablecer el reloj y tus ajustes de alarma guardaran. Alarma dual, Un reloj dos alarmas: La funci\u00f3n de alarma dual permite establecer dos alarmas diferentes, mientras que la funci\u00f3n de alarma suave utiliza un volumen de radio que aumenta gradualmente para despertarte con suavidad.<\/p>\n<ul>\n<li>Sintonizador\/recepci\u00f3n\/transmisi\u00f3n: Antena : Antena FM; Bandas del sintonizador: FM; Rango de frecuencia de FM: 87,5 &#8211; 108\u00a0 MHz; N.\u00ba de presinton\u00edas: 10<\/li>\n<li>Sonido: Potencia de salida (RMS) 200 mW; Sistema de sonido Mono<\/li>\n<li>Altavoces: N\u00famero de altavoces de rango completo: 1; Di\u00e1metro del altavoz de rango completo: 2&#8243;<\/li>\n<li>Conectividad: Entrada de audio: No; Bluetooth: No<\/li>\n<li>Alarma: N\u00famero de alarmas: 2; Fuente de la alarma : Radio FM \/ Zumbador; Aplazar (repetici\u00f3n de alarma): S\u00ed, 9 minutos; Temporizador: 15\/30\/60\/90\/120 minutos<\/li>\n<li>Potencia: Tipo de conexi\u00f3n: Entrada de CA: Entrada de alimentaci\u00f3n de CA: 100-240 V, 50\/60 Hz; Consumo de energ\u00eda en funcionamiento: &lt; 3 W; Consumo en modo de espera: &lt; 1 W; Bater\u00eda de reserva: 2 pilas AAA (no incluidas)<\/li>\n<li>Dimensiones del producto: Profundidad: 13,1\u00a0 cm; Altura: 5,4\u00a0 cm;<\/li>\n<li>Peso: 0,203\u00a0 kg<\/li>\n<\/ul>\n<p>&nbsp;<\/p>\n<h5><strong>*Las im\u00e1genes son a modo ilustrativo.<\/strong><\/h5>\n","protected":false},"excerpt":{"rendered":"<h3><strong><span style=\"font-family: 'Cambria','serif'; color: #339966;\">U$S 55<\/span><\/strong><\/h3>\n","protected":false},"featured_media":43517,"comment_status":"open","ping_status":"closed","template":"","meta":[],"_links":{"self":[{"href":"https:\/\/www.appoloviracel.com.uy\/index.php\/wp-json\/wp\/v2\/product\/43516"}],"collection":[{"href":"https:\/\/www.appoloviracel.com.uy\/index.php\/wp-json\/wp\/v2\/product"}],"about":[{"href":"https:\/\/www.appoloviracel.com.uy\/index.php\/wp-json\/wp\/v2\/types\/product"}],"replies":[{"embeddable":true,"href":"https:\/\/www.appoloviracel.com.uy\/index.php\/wp-json\/wp\/v2\/comments?post=43516"}],"wp:featuredmedia":[{"embeddable":true,"href":"https:\/\/www.appoloviracel.com.uy\/index.php\/wp-json\/wp\/v2\/media\/43517"}],"wp:attachment":[{"href":"https:\/\/www.appoloviracel.com.uy\/index.php\/wp-json\/wp\/v2\/media?parent=43516"}],"curies":[{"name":"wp","href":"https:\/\/api.w.org\/{rel}","templated":true}]}}