{"id":43504,"date":"2025-02-13T21:43:15","date_gmt":"2025-02-14T00:43:15","guid":{"rendered":"https:\/\/www.appoloviracel.com.uy\/?post_type=product&#038;p=43504"},"modified":"2025-03-17T20:33:23","modified_gmt":"2025-03-17T23:33:23","slug":"radio-philips-r1506-fm-am-analogica","status":"publish","type":"product","link":"https:\/\/www.appoloviracel.com.uy\/index.php\/product\/radio-philips-r1506-fm-am-analogica\/","title":{"rendered":"Radio Philips \u00abR1506\u00bb FM\/AM Anal\u00f3gica"},"content":{"rendered":"<h2>Caracter\u00edsticas y especificaciones:<\/h2>\n<ul>\n<li>Sonido: Potencia de salida (RMS): 100 mW; Sistema de sonido: Mono; Control de volumen: Giratorio (anal\u00f3gico)<\/li>\n<li>Altavoces: Di\u00e1metro del altavoz de rango completo: 1,5&#8243;; N\u00famero de altavoces de rango completo: 1<\/li>\n<li>Conectividad: Bluetooth: No; Salida de audio\/v\u00eddeo: Auriculares (3,5 mm); Entrada de audio: No<\/li>\n<li>Sintonizador\/recepci\u00f3n\/transmisi\u00f3n: Bandas del sintonizador: FM, AM<\/li>\n<li>Potencia: Tipo de bater\u00eda: Tama\u00f1o AAA (LR3); N\u00famero de pilas: 2; Voltaje de la pila: 1.5 V<\/li>\n<\/ul>\n<p>&nbsp;<\/p>\n<h5><strong>*Las im\u00e1genes son a modo ilustrativo.<\/strong><\/h5>\n","protected":false},"excerpt":{"rendered":"<p>Caracter\u00edsticas y especificaciones: Sonido: Potencia de salida (RMS): 100 mW; Sistema de [&hellip;]<\/p>\n","protected":false},"featured_media":43505,"comment_status":"open","ping_status":"closed","template":"","meta":[],"_links":{"self":[{"href":"https:\/\/www.appoloviracel.com.uy\/index.php\/wp-json\/wp\/v2\/product\/43504"}],"collection":[{"href":"https:\/\/www.appoloviracel.com.uy\/index.php\/wp-json\/wp\/v2\/product"}],"about":[{"href":"https:\/\/www.appoloviracel.com.uy\/index.php\/wp-json\/wp\/v2\/types\/product"}],"replies":[{"embeddable":true,"href":"https:\/\/www.appoloviracel.com.uy\/index.php\/wp-json\/wp\/v2\/comments?post=43504"}],"wp:featuredmedia":[{"embeddable":true,"href":"https:\/\/www.appoloviracel.com.uy\/index.php\/wp-json\/wp\/v2\/media\/43505"}],"wp:attachment":[{"href":"https:\/\/www.appoloviracel.com.uy\/index.php\/wp-json\/wp\/v2\/media?parent=43504"}],"curies":[{"name":"wp","href":"https:\/\/api.w.org\/{rel}","templated":true}]}}