{"id":43496,"date":"2025-02-12T19:26:22","date_gmt":"2025-02-12T22:26:22","guid":{"rendered":"https:\/\/www.appoloviracel.com.uy\/?post_type=product&#038;p=43496"},"modified":"2025-03-03T20:07:41","modified_gmt":"2025-03-03T23:07:41","slug":"auricular-philips-taue100-intrauditivo","status":"publish","type":"product","link":"https:\/\/www.appoloviracel.com.uy\/index.php\/product\/auricular-philips-taue100-intrauditivo\/","title":{"rendered":"Auricular Philips \u00abTAUE100\u00bb (Intrauditivo)"},"content":{"rendered":"<h2>Caracter\u00edsticas y especificaciones:<\/h2>\n<p>Auricular Philips Taue100bk Earbuds In-ear Con Cable 1,2 metros TAUE100BK\/00<\/p>\n<p>En la calle, en el transporte o en la oficina, podes tener siempre a mano tus auriculares Philips. Podr\u00e1s disfrutar de la m\u00fasica que m\u00e1s te gusta y de tus podcasts favoritos cuando quieras y donde quieras. El formato perfecto para vos. Al ser in-ear, mejoran la calidad del audio y son de tama\u00f1o peque\u00f1o para poder insertarse en tu oreja. Son ideales para acompa\u00f1arte a la hora de hacer ejercicio mientras te sumerg\u00eds en el mejor sonido envolvente.<\/p>\n<ul>\n<li>In ear<\/li>\n<li>Respuesta en frecuencia: 20 a 20000Hz<\/li>\n<li>Impedancia: 32ohms<\/li>\n<li>Sensibilidad: 106dB<\/li>\n<li>Cable de 1.2m<\/li>\n<li>Driver de 14mm, con im\u00e1n de neodimio<\/li>\n<li>Graves reforzados<\/li>\n<li>Dise\u00f1o adaptado al o\u00eddo<\/li>\n<\/ul>\n<p>&nbsp;<\/p>\n<h5><strong>*Las im\u00e1genes son a modo ilustrativo.<\/strong><\/h5>\n","protected":false},"excerpt":{"rendered":"<h3><strong><span style=\"font-family: 'Cambria','serif'; color: #339966;\">$ 350<\/span><\/strong><\/h3>\n","protected":false},"featured_media":43497,"comment_status":"open","ping_status":"closed","template":"","meta":[],"_links":{"self":[{"href":"https:\/\/www.appoloviracel.com.uy\/index.php\/wp-json\/wp\/v2\/product\/43496"}],"collection":[{"href":"https:\/\/www.appoloviracel.com.uy\/index.php\/wp-json\/wp\/v2\/product"}],"about":[{"href":"https:\/\/www.appoloviracel.com.uy\/index.php\/wp-json\/wp\/v2\/types\/product"}],"replies":[{"embeddable":true,"href":"https:\/\/www.appoloviracel.com.uy\/index.php\/wp-json\/wp\/v2\/comments?post=43496"}],"wp:featuredmedia":[{"embeddable":true,"href":"https:\/\/www.appoloviracel.com.uy\/index.php\/wp-json\/wp\/v2\/media\/43497"}],"wp:attachment":[{"href":"https:\/\/www.appoloviracel.com.uy\/index.php\/wp-json\/wp\/v2\/media?parent=43496"}],"curies":[{"name":"wp","href":"https:\/\/api.w.org\/{rel}","templated":true}]}}