{"id":43491,"date":"2025-02-11T11:52:06","date_gmt":"2025-02-11T14:52:06","guid":{"rendered":"https:\/\/www.appoloviracel.com.uy\/?post_type=product&#038;p=43491"},"modified":"2025-03-02T19:51:43","modified_gmt":"2025-03-02T22:51:43","slug":"auricular-philips-tat2206-intrauditivo-bluetooth","status":"publish","type":"product","link":"https:\/\/www.appoloviracel.com.uy\/index.php\/product\/auricular-philips-tat2206-intrauditivo-bluetooth\/","title":{"rendered":"Auricular Philips \u00abTAT2206\u00bb (Intrauditivo-Bluetooth)"},"content":{"rendered":"<h2>Caracter\u00edsticas y especificaciones:<\/h2>\n<p>Los auriculares Philips TAT2206 tienen dise\u00f1o compacto y c\u00f3modo, se ajustan adecuadamente a tus o\u00eddos; perfecta para una experiencia auditiva inigualable. Cuenta con tecnolog\u00eda Bluetooth, estos auriculares inal\u00e1mbricos te ofrecen la libertad de disfrutar de tu m\u00fasica, podcasts y llamadas con total comodidad. Su dise\u00f1o ergon\u00f3mico garantiza un ajuste seguro y c\u00f3modo, ideal para llevar en movimiento. La calidad de sonido excepcional te sumerge en un audio claro y envolvente. La bater\u00eda recargable interna brinda m\u00e1s de 12 horas de uso; una vez cargados, se pueden usar durante 6 horas, pero junto con el estuche de carga adicional te permite cargar los auriculares para tener 12 horas m\u00e1s de reproducci\u00f3n. Tambi\u00e9n se puede recibir llamadas, el micr\u00f3fono se asigna autom\u00e1ticamente al auricular que est\u00e1s utilizando y solo tienes que cambiar al otro cuando la bater\u00eda del auricular actual se est\u00e9 agotando. Los controles de los auriculares te permiten poner en pausa la lista de reproducci\u00f3n, responder llamadas, controlar el volumen y activar el asistente de voz del tel\u00e9fono. Adem\u00e1s, tiene protecci\u00f3n IPX4 resistente a las salpicaduras y a la transpiraci\u00f3n y los potentes controladores de 6mm, estos auriculares te permiten disfrutar de un sonido excelente en cualquier clima.<\/p>\n<ul>\n<li><strong>Dise\u00f1o: <\/strong>Compacto y ergon\u00f3mico<\/li>\n<li><strong>Conectividad:<\/strong> Bluetooth 5.0<\/li>\n<li><strong>Micr\u00f3fono:<\/strong> Integrado<\/li>\n<li><strong>Duraci\u00f3n de la bater\u00eda:<\/strong> Aproximadamente 6 horas<\/li>\n<li>Impedancia: 16 ohmios<\/li>\n<li>Di\u00e1metro del parlante: 6 mm<\/li>\n<li>Sensibilidad: 101 dB (1 kHz)<\/li>\n<li>Rango de frecuencia: 20 &#8211; 20.000 Hz<\/li>\n<li>Entrada m\u00e1xima de potencia: 5 mW<\/li>\n<li>Tipo de controlador: Din\u00e1mico<\/li>\n<\/ul>\n<p>&nbsp;<\/p>\n<h5><strong>*Las im\u00e1genes son a modo ilustrativo.<\/strong><\/h5>\n","protected":false},"excerpt":{"rendered":"<h3><span style=\"color: #339966;\"><strong>U$S 79<\/strong><\/span><\/h3>\n","protected":false},"featured_media":43492,"comment_status":"open","ping_status":"closed","template":"","meta":[],"_links":{"self":[{"href":"https:\/\/www.appoloviracel.com.uy\/index.php\/wp-json\/wp\/v2\/product\/43491"}],"collection":[{"href":"https:\/\/www.appoloviracel.com.uy\/index.php\/wp-json\/wp\/v2\/product"}],"about":[{"href":"https:\/\/www.appoloviracel.com.uy\/index.php\/wp-json\/wp\/v2\/types\/product"}],"replies":[{"embeddable":true,"href":"https:\/\/www.appoloviracel.com.uy\/index.php\/wp-json\/wp\/v2\/comments?post=43491"}],"wp:featuredmedia":[{"embeddable":true,"href":"https:\/\/www.appoloviracel.com.uy\/index.php\/wp-json\/wp\/v2\/media\/43492"}],"wp:attachment":[{"href":"https:\/\/www.appoloviracel.com.uy\/index.php\/wp-json\/wp\/v2\/media?parent=43491"}],"curies":[{"name":"wp","href":"https:\/\/api.w.org\/{rel}","templated":true}]}}