{"id":43484,"date":"2025-02-06T16:05:08","date_gmt":"2025-02-06T19:05:08","guid":{"rendered":"https:\/\/www.appoloviracel.com.uy\/?post_type=product&#038;p=43484"},"modified":"2025-06-05T14:51:17","modified_gmt":"2025-06-05T17:51:17","slug":"smartwatch-xiaomi-mibro-lite-3","status":"publish","type":"product","link":"https:\/\/www.appoloviracel.com.uy\/index.php\/product\/smartwatch-xiaomi-mibro-lite-3\/","title":{"rendered":"Smartwatch Xiaomi \u00abMibro Lite 3\u00bb"},"content":{"rendered":"<h2>Caracter\u00edsticas y especificaciones:<\/h2>\n<ul>\n<li>Disponible en color Rose Gold y Dark Grey<\/li>\n<li>Par\u00e1metros generales: Marca: Mibro; Producto: Reloj inteligente; Modelo: Watch Lite3<\/li>\n<li>Pantalla: Tama\u00f1o: 1.3\u201d; Tipo: AMOLED; Resoluci\u00f3n: 360 * 360, 277 ppi; Funci\u00f3n AOD: S\u00ed<\/li>\n<li>Sensores: Salud: Sensor PPG de frecuencia card\u00edaca; Sensor de SpO2; Movimiento: Aceler\u00f3metro<\/li>\n<li>Autonom\u00eda y carga: Autonom\u00eda (standby): 50 d\u00edas; Autonom\u00eda (uso t\u00edpico): 12 d\u00edas; Autonom\u00eda (modo m\u00fasica): 4.5 horas; Autonom\u00eda (llamadas Bluetooth): 6 horas; M\u00e9todo de carga: Magn\u00e9tica<\/li>\n<li>Dise\u00f1o: Cuerpo: Aleaci\u00f3n de zinc + Policarbonato; Correas universales de 22mm &#8211; Incluidas: Cuero, Hebilla de metal, Ancho: 22 mm, Longitud desplegada: 246 mm, Silicona, Hebilla de pl\u00e1stico, Ancho: 22 mm, Longitud desplegada: 246 mm; Grado de impermeabilidad: 2 ATM; Dimensiones: 44.8 * 11.2 mm; Peso: 53.2 g (con correa de cuero sint\u00e9tico); Peso: 56 g (con correa de silicona)<\/li>\n<li>Otras caracter\u00edsticas: Conectividad: Bluetooth V5.3; Aplicaci\u00f3n: Mibro Fit; Temperatura de funcionamiento: 0\u00b0C~45\u2103<\/li>\n<li>Garant\u00eda: 6 meses contra defecto de fabricaci\u00f3n<\/li>\n<\/ul>\n<h4><\/h4>\n<h4><span style=\"color: #ff0000;\"><strong>* La garant\u00eda no cubre falla que se pueda dar por un uso intensivo.<\/strong><\/span><\/h4>\n<h5><strong>\u00a0*Las im\u00e1genes son a modo ilustrativo<\/strong><\/h5>\n","protected":false},"excerpt":{"rendered":"<h3><strong><span style=\"font-family: 'Cambria','serif'; color: #339966;\">$ 3.190\u00a0\u00a0<\/span><\/strong><\/h3>\n","protected":false},"featured_media":43485,"comment_status":"open","ping_status":"closed","template":"","meta":[],"_links":{"self":[{"href":"https:\/\/www.appoloviracel.com.uy\/index.php\/wp-json\/wp\/v2\/product\/43484"}],"collection":[{"href":"https:\/\/www.appoloviracel.com.uy\/index.php\/wp-json\/wp\/v2\/product"}],"about":[{"href":"https:\/\/www.appoloviracel.com.uy\/index.php\/wp-json\/wp\/v2\/types\/product"}],"replies":[{"embeddable":true,"href":"https:\/\/www.appoloviracel.com.uy\/index.php\/wp-json\/wp\/v2\/comments?post=43484"}],"wp:featuredmedia":[{"embeddable":true,"href":"https:\/\/www.appoloviracel.com.uy\/index.php\/wp-json\/wp\/v2\/media\/43485"}],"wp:attachment":[{"href":"https:\/\/www.appoloviracel.com.uy\/index.php\/wp-json\/wp\/v2\/media?parent=43484"}],"curies":[{"name":"wp","href":"https:\/\/api.w.org\/{rel}","templated":true}]}}