{"id":4348,"date":"2021-03-05T20:55:53","date_gmt":"2021-03-05T23:55:53","guid":{"rendered":"https:\/\/www.appoloviracel.com.uy\/?post_type=product&#038;p=4348"},"modified":"2023-03-15T18:44:52","modified_gmt":"2023-03-15T21:44:52","slug":"mouse-inalambrico-genius-nx-7000-usb","status":"publish","type":"product","link":"https:\/\/www.appoloviracel.com.uy\/index.php\/product\/mouse-inalambrico-genius-nx-7000-usb\/","title":{"rendered":"Mouse Genius \u00abNX-7000\u00bb Inal\u00e1mbrico USB"},"content":{"rendered":"<h4>Caracter\u00edsticas y especificaciones:<\/h4>\n<ul>\n<li><strong>Color Negro.<\/strong><\/li>\n<li><strong>Mouse \u00f3ptico de 2.4GHz.<\/strong><\/li>\n<li><strong>Tres botones (contando scroll).<\/strong><\/li>\n<li><strong>Funciona con 1 pila AA.<\/strong><\/li>\n<li><strong>Sensor \u00f3ptico de 1200 dpi para un mejor control de movimiento.<\/strong><\/li>\n<li><strong>Receptor USB de reducido tama\u00f1o.<\/strong><\/li>\n<li><strong>Soporta los siguientes SO: Windows\u00ae8\/ 7\/Vista\/XP, Mac OSX 10.4+ o superior.<\/strong><\/li>\n<li><strong>Interruptor de encendido extiende la vida de la bater\u00eda.<\/strong><\/li>\n<li><strong>El dise\u00f1o de suaves l\u00edneas es ideal para cualquier mano.<\/strong><\/li>\n<li><strong>Garant\u00eda: 1 A\u00f1o contra defecto de fabricaci\u00f3n<\/strong><\/li>\n<\/ul>\n<p>&nbsp;<\/p>\n<h5><strong>*Las im\u00e1genes son a modo ilustrativo.<\/strong><\/h5>\n","protected":false},"excerpt":{"rendered":"<h3><span style=\"color: #339966;\"><strong>$ 430<\/strong><\/span><\/h3>\n","protected":false},"featured_media":4349,"comment_status":"open","ping_status":"closed","template":"","meta":[],"_links":{"self":[{"href":"https:\/\/www.appoloviracel.com.uy\/index.php\/wp-json\/wp\/v2\/product\/4348"}],"collection":[{"href":"https:\/\/www.appoloviracel.com.uy\/index.php\/wp-json\/wp\/v2\/product"}],"about":[{"href":"https:\/\/www.appoloviracel.com.uy\/index.php\/wp-json\/wp\/v2\/types\/product"}],"replies":[{"embeddable":true,"href":"https:\/\/www.appoloviracel.com.uy\/index.php\/wp-json\/wp\/v2\/comments?post=4348"}],"wp:featuredmedia":[{"embeddable":true,"href":"https:\/\/www.appoloviracel.com.uy\/index.php\/wp-json\/wp\/v2\/media\/4349"}],"wp:attachment":[{"href":"https:\/\/www.appoloviracel.com.uy\/index.php\/wp-json\/wp\/v2\/media?parent=4348"}],"curies":[{"name":"wp","href":"https:\/\/api.w.org\/{rel}","templated":true}]}}