{"id":43476,"date":"2025-02-05T17:03:06","date_gmt":"2025-02-05T20:03:06","guid":{"rendered":"https:\/\/www.appoloviracel.com.uy\/?post_type=product&#038;p=43476"},"modified":"2026-02-12T10:40:55","modified_gmt":"2026-02-12T13:40:55","slug":"smartwatch-xiaomi-mibro-gs-explorer-dual-strap","status":"publish","type":"product","link":"https:\/\/www.appoloviracel.com.uy\/index.php\/product\/smartwatch-xiaomi-mibro-gs-explorer-dual-strap\/","title":{"rendered":"Smartwatch Xiaomi \u00abMibro GS Explorer Dual-Strap\u00bb"},"content":{"rendered":"<h2>Caracter\u00edsticas y especificaciones:<\/h2>\n<p>Este reloj inteligente ofrece m\u00e1s de 150 modos deportivos, perfectos para entrenamientos personalizados, y un algoritmo de movimiento SeekBeats que proporciona un an\u00e1lisis avanzado de datos de ejercicio. Su pantalla AMOLED redonda de 1.32 pulgadas garantiza colores vivos y claros, gracias a su resoluci\u00f3n de 466 * 466 p\u00edxeles y un cristal Corning Gorilla Glass resistente a huellas dactilares. Este reloj es ideal para deportistas aventureros, ya que cuenta con resistencia al agua de 10 ATM, soportando hasta 100 metros de profundidad, lo que lo hace perfecto para nataci\u00f3n y actividades acu\u00e1ticas. Su bater\u00eda de larga duraci\u00f3n, de hasta 20 d\u00edas, asegura un uso prolongado sin preocupaciones. Equipado con sensores avanzados, como aceler\u00f3metro, giroscopio, bar\u00f3metro, medici\u00f3n de SpO2, monitor de frecuencia card\u00edaca (HR), monitor de sue\u00f1o y sensor de luz ambiente, este dispositivo ofrece un seguimiento integral de tu salud. El Mibro GS Explorer no es solo un reloj, es tu compa\u00f1ero de aventura ideal.<\/p>\n<h5><strong>Durabilidad resistente de grado militar<\/strong><\/h5>\n<p>Fabricado con materiales de primera calidad, como acero inoxidable 316L y nailon reforzado con fibra de vidrio. Recubrimiento de carbono tipo diamante DLC para una mayor dureza (600 HV) y resistencia a la corrosi\u00f3n.<\/p>\n<h5><strong>Resistente al agua hasta 10 ATM para diversas actividades<\/strong><\/h5>\n<p>Admite buceo recreativo, apnea y deportes acu\u00e1ticos hasta 30 metros de profundidad.<br \/>\nNivel de impermeabilidad hasta 100 metros, apto para nataci\u00f3n, surf y esn\u00f3rquel.<\/p>\n<h5><strong>Pantalla AMOLED de alto brillo<\/strong><\/h5>\n<p>Brillo de 1500 nit, que garantiza visibilidad incluso bajo luz solar intensa. Pantalla AMOLED redonda de 1.32 pulgadas con colores vivos, revestimiento antihuellas y frecuencia de actualizaci\u00f3n suave de 60 fps.<\/p>\n<h5><strong>Modos integrales de deporte y salud<\/strong><\/h5>\n<p>Admite m\u00e1s de 150 modos deportivos, incluidas m\u00e9tricas de nataci\u00f3n profesional y el algoritmo de movimiento SeekBeats para un an\u00e1lisis avanzado de datos de ejercicio. Equipado con funciones como monitoreo de ox\u00edgeno, seguimiento de la frecuencia card\u00edaca y monitoreo cient\u00edfico del sue\u00f1o.<\/p>\n<h5><strong>Bater\u00eda de gran duraci\u00f3n<\/strong><\/h5>\n<p>Modo de rendimiento: 10 d\u00edas<br \/>\nModo diario: 20 d\u00edas<br \/>\nModo de espera: 60 d\u00edas<\/p>\n<ul>\n<li>Pantalla: 1.32&#8243; AMOLED<\/li>\n<li>Resoluci\u00f3n: 466 * 466 p<\/li>\n<li>Formato: Redondo<\/li>\n<li>Correa: Silicona de 22mm<\/li>\n<li>Certificaciones: Resistencia al agua 10 ATM<\/li>\n<li>Funciones: Frecuencia card\u00edaca, SpO2, sue\u00f1o, 150 modos deportivos, GPS, NFC<\/li>\n<li>Dimensiones: \u03c647.8 x 13.1 mm<\/li>\n<li>Garant\u00eda: 6 meses contra defecto de fabricaci\u00f3n<\/li>\n<\/ul>\n<h4><\/h4>\n<h4><span style=\"color: #ff0000;\"><strong>* La garant\u00eda no cubre falla que se pueda dar por un uso intensivo.<\/strong><\/span><\/h4>\n<h5><strong>\u00a0*Las im\u00e1genes son a modo ilustrativo.<\/strong><\/h5>\n","protected":false},"excerpt":{"rendered":"<h3><span style=\"color: #339966;\"><strong>$ 5.590\u00a0\u00a0<\/strong><\/span><\/h3>\n","protected":false},"featured_media":43477,"comment_status":"open","ping_status":"closed","template":"","meta":[],"_links":{"self":[{"href":"https:\/\/www.appoloviracel.com.uy\/index.php\/wp-json\/wp\/v2\/product\/43476"}],"collection":[{"href":"https:\/\/www.appoloviracel.com.uy\/index.php\/wp-json\/wp\/v2\/product"}],"about":[{"href":"https:\/\/www.appoloviracel.com.uy\/index.php\/wp-json\/wp\/v2\/types\/product"}],"replies":[{"embeddable":true,"href":"https:\/\/www.appoloviracel.com.uy\/index.php\/wp-json\/wp\/v2\/comments?post=43476"}],"wp:featuredmedia":[{"embeddable":true,"href":"https:\/\/www.appoloviracel.com.uy\/index.php\/wp-json\/wp\/v2\/media\/43477"}],"wp:attachment":[{"href":"https:\/\/www.appoloviracel.com.uy\/index.php\/wp-json\/wp\/v2\/media?parent=43476"}],"curies":[{"name":"wp","href":"https:\/\/api.w.org\/{rel}","templated":true}]}}