{"id":43445,"date":"2025-01-20T14:36:46","date_gmt":"2025-01-20T17:36:46","guid":{"rendered":"https:\/\/www.appoloviracel.com.uy\/?post_type=product&#038;p=43445"},"modified":"2026-02-13T13:27:43","modified_gmt":"2026-02-13T16:27:43","slug":"celular-xiaomi-redmi-note14pro-5g-256gb-8gb","status":"publish","type":"product","link":"https:\/\/www.appoloviracel.com.uy\/index.php\/product\/celular-xiaomi-redmi-note14pro-5g-256gb-8gb\/","title":{"rendered":"Celular Xiaomi \u00abRedmi Note14Pro\u00bb 5G (256Gb-8Gb)"},"content":{"rendered":"<h2>Caracter\u00edsticas y especificaciones:<strong>\u00a0<\/strong><\/h2>\n<h4><span style=\"color: #ff0000;\"><strong>Apto para LTE de todas las compa\u00f1\u00edas.<\/strong><\/span><\/h4>\n<p>El <strong>Xiaomi Redmi Note 14 Pro<\/strong> <strong>5G <\/strong>cuenta con una pantalla AMOLED de 6.67 pulgadas y 120Hz de refresco. Potenciado por un procesador Dimensity 7300 Ultra con hasta 8GB de RAM y 256GB de almacenamiento, tiene una c\u00e1mara triple con un sensor principal de 200MP y se alimenta de una bater\u00eda de 5110 mAh de carga r\u00e1pida, completando sus caracter\u00edsticas con parlantes est\u00e9reo, lector de huellas bajo la pantalla, y es resistente al agua. C\u00e1mara de IA de 200 MP.<\/p>\n<ul>\n<li>Pantalla: 6.67&#8243;, 1220 * 2712 pixels<\/li>\n<li>Procesador: MediaTek Dimensity 7300 Ultra 2.5GHz<\/li>\n<li>Memoria RAM: 8GB<\/li>\n<li>Almacenamiento: 256GB<\/li>\n<li>Expansi\u00f3n: sin microSD<\/li>\n<li>C\u00e1mara: Triple, IA 200MP+8MP +2MP<\/li>\n<li>Bater\u00eda: 5110 mAh<\/li>\n<li>OS: Android 14<\/li>\n<li>Actualizaciones OS: 3 actualizaciones mayores de OS<\/li>\n<li>Perfil: 8.4 mm<\/li>\n<li>Peso: 190 grs.<\/li>\n<li>Se incluyen los siguientes accesorios: <strong>Cargador y Manual <\/strong><\/li>\n<li><strong>Garant\u00eda:<\/strong> 12 meses contra defecto de fabricaci\u00f3n<\/li>\n<\/ul>\n<h4><strong>\u00a0<\/strong><\/h4>\n<h4><span style=\"color: #ff0000;\"><strong>Contado efectivo: 10% de Descuento<\/strong><\/span><\/h4>\n<h5><strong>*Las im\u00e1genes son a modo ilustrativo.<\/strong><\/h5>\n","protected":false},"excerpt":{"rendered":"<h3><strong><span style=\"font-family: 'Cambria','serif'; color: #339966;\">U$S 395<\/span><\/strong><\/h3>\n","protected":false},"featured_media":43446,"comment_status":"open","ping_status":"closed","template":"","meta":[],"_links":{"self":[{"href":"https:\/\/www.appoloviracel.com.uy\/index.php\/wp-json\/wp\/v2\/product\/43445"}],"collection":[{"href":"https:\/\/www.appoloviracel.com.uy\/index.php\/wp-json\/wp\/v2\/product"}],"about":[{"href":"https:\/\/www.appoloviracel.com.uy\/index.php\/wp-json\/wp\/v2\/types\/product"}],"replies":[{"embeddable":true,"href":"https:\/\/www.appoloviracel.com.uy\/index.php\/wp-json\/wp\/v2\/comments?post=43445"}],"wp:featuredmedia":[{"embeddable":true,"href":"https:\/\/www.appoloviracel.com.uy\/index.php\/wp-json\/wp\/v2\/media\/43446"}],"wp:attachment":[{"href":"https:\/\/www.appoloviracel.com.uy\/index.php\/wp-json\/wp\/v2\/media?parent=43445"}],"curies":[{"name":"wp","href":"https:\/\/api.w.org\/{rel}","templated":true}]}}