{"id":43439,"date":"2025-01-19T19:16:00","date_gmt":"2025-01-19T22:16:00","guid":{"rendered":"https:\/\/www.appoloviracel.com.uy\/?post_type=product&#038;p=43439"},"modified":"2025-08-26T13:03:41","modified_gmt":"2025-08-26T16:03:41","slug":"celular-zte-blade-a55-128gb-12gb","status":"publish","type":"product","link":"https:\/\/www.appoloviracel.com.uy\/index.php\/product\/celular-zte-blade-a55-128gb-12gb\/","title":{"rendered":"Celular ZTE \u00abBlade A55\u00bb (128Gb-12Gb)"},"content":{"rendered":"<h2>Caracter\u00edsticas y especificaciones:<\/h2>\n<p>El <strong>ZTE Blade A55<\/strong> tiene una pantalla HD+ de 6.75 pulgadas con tasa de refresco de 90Hz y est\u00e1 potenciado por un procesador octa-core con 4GB de RAM y 128GB de almacenamiento. Su c\u00e1mara trasera dual tiene sensor principal de 13MP, y se alimenta de una bater\u00eda de 5000 mAh.<\/p>\n<ul>\n<li>Pantalla: 6.75&#8243;, 720 * 1600 pixeles<\/li>\n<li>Procesador: Unisoc SC9863A1 1.6GHz<\/li>\n<li>Memoria RAM: 12GB<\/li>\n<li>Almacenamiento: 128GB<\/li>\n<li>Expansi\u00f3n: microSD<\/li>\n<li>C\u00e1mara: Dual, 13MP+0.08MP<\/li>\n<li>Bater\u00eda: 5.000 mAh<\/li>\n<li>OS: Android 14<\/li>\n<li>Perfil: 8.5 mm<\/li>\n<li>Se incluyen los siguientes accesorios: <strong>Cargador y Manual<\/strong><\/li>\n<li><strong>Garant\u00eda:<\/strong> 12 meses contra defecto de fabricaci\u00f3n<\/li>\n<\/ul>\n<p>&nbsp;<\/p>\n<h4><span style=\"color: #ff0000;\"><strong>Contado efectivo: 10% de Descuento<\/strong><\/span><\/h4>\n<h5><strong>*Las im\u00e1genes son a modo ilustrativo.<\/strong><\/h5>\n","protected":false},"excerpt":{"rendered":"<h3><span style=\"color: #ff0000;\"><strong>\u00abArt\u00edculo Agotado\u00bb<\/strong><\/span><\/h3>\n","protected":false},"featured_media":43440,"comment_status":"open","ping_status":"closed","template":"","meta":[],"_links":{"self":[{"href":"https:\/\/www.appoloviracel.com.uy\/index.php\/wp-json\/wp\/v2\/product\/43439"}],"collection":[{"href":"https:\/\/www.appoloviracel.com.uy\/index.php\/wp-json\/wp\/v2\/product"}],"about":[{"href":"https:\/\/www.appoloviracel.com.uy\/index.php\/wp-json\/wp\/v2\/types\/product"}],"replies":[{"embeddable":true,"href":"https:\/\/www.appoloviracel.com.uy\/index.php\/wp-json\/wp\/v2\/comments?post=43439"}],"wp:featuredmedia":[{"embeddable":true,"href":"https:\/\/www.appoloviracel.com.uy\/index.php\/wp-json\/wp\/v2\/media\/43440"}],"wp:attachment":[{"href":"https:\/\/www.appoloviracel.com.uy\/index.php\/wp-json\/wp\/v2\/media?parent=43439"}],"curies":[{"name":"wp","href":"https:\/\/api.w.org\/{rel}","templated":true}]}}