{"id":43410,"date":"2024-12-31T17:37:04","date_gmt":"2024-12-31T20:37:04","guid":{"rendered":"https:\/\/www.appoloviracel.com.uy\/?post_type=product&#038;p=43410"},"modified":"2025-08-26T13:04:32","modified_gmt":"2025-08-26T16:04:32","slug":"celular-zte-blade-a72s-64gb-6gb","status":"publish","type":"product","link":"https:\/\/www.appoloviracel.com.uy\/index.php\/product\/celular-zte-blade-a72s-64gb-6gb\/","title":{"rendered":"Celular ZTE \u00abBlade A72s\u00bb (64Gb-6Gb)"},"content":{"rendered":"<h2>Caracter\u00edsticas y especificaciones:<\/h2>\n<p>El <strong>ZTE Blade A72s<\/strong> es una variante del Blade A72 con una pantalla HD+ de 6.75 pulgadas y potenciado por un procesador Unisoc T606 con 6GB de RAM y 64GB de almacenamiento interno expandible. La c\u00e1mara trasera del Blade A72s es triple, con un sensor principal de 50MP y su c\u00e1mara selfie es de 5MP. Una bater\u00eda de 5000 mAh de carga r\u00e1pida alimenta al Blade A72s, que completa sus caracter\u00edsticas con un lector de huellas lateral, y corre Android 12.<\/p>\n<ul>\n<li>Pantalla: 6.745&#8243;, 720 * 1600 pixeles<\/li>\n<li>Procesador: Unisoc T606 1.6GHz<\/li>\n<li>Memoria RAM: 6GB<\/li>\n<li>Almacenamiento: 64GB<\/li>\n<li>Expansi\u00f3n: microSD<\/li>\n<li>C\u00e1mara: Triple, 50MP+2MP+2MP<\/li>\n<li>Bater\u00eda: 5.000 mAh<\/li>\n<li>OS: Android 12<\/li>\n<li>Perfil: 8.6 mm<\/li>\n<li>Peso: 198 grs.<\/li>\n<li>Se incluyen los siguientes accesorios: <strong>Cargador y Manual<\/strong><\/li>\n<li><strong>Garant\u00eda:<\/strong> 12 meses contra defecto de fabricaci\u00f3n<\/li>\n<\/ul>\n<p>&nbsp;<\/p>\n<h4><span style=\"color: #ff0000;\"><strong>Contado efectivo: 10% de Descuento<\/strong><\/span><\/h4>\n<h5><strong>*Las im\u00e1genes son a modo ilustrativo.<\/strong><\/h5>\n","protected":false},"excerpt":{"rendered":"<h3><span style=\"color: #ff0000;\"><strong>\u00abArt\u00edculo Agotado\u00bb<\/strong><\/span><\/h3>\n","protected":false},"featured_media":43412,"comment_status":"open","ping_status":"closed","template":"","meta":[],"_links":{"self":[{"href":"https:\/\/www.appoloviracel.com.uy\/index.php\/wp-json\/wp\/v2\/product\/43410"}],"collection":[{"href":"https:\/\/www.appoloviracel.com.uy\/index.php\/wp-json\/wp\/v2\/product"}],"about":[{"href":"https:\/\/www.appoloviracel.com.uy\/index.php\/wp-json\/wp\/v2\/types\/product"}],"replies":[{"embeddable":true,"href":"https:\/\/www.appoloviracel.com.uy\/index.php\/wp-json\/wp\/v2\/comments?post=43410"}],"wp:featuredmedia":[{"embeddable":true,"href":"https:\/\/www.appoloviracel.com.uy\/index.php\/wp-json\/wp\/v2\/media\/43412"}],"wp:attachment":[{"href":"https:\/\/www.appoloviracel.com.uy\/index.php\/wp-json\/wp\/v2\/media?parent=43410"}],"curies":[{"name":"wp","href":"https:\/\/api.w.org\/{rel}","templated":true}]}}