{"id":43390,"date":"2024-12-23T16:51:24","date_gmt":"2024-12-23T19:51:24","guid":{"rendered":"https:\/\/www.appoloviracel.com.uy\/?post_type=product&#038;p=43390"},"modified":"2025-02-15T14:30:23","modified_gmt":"2025-02-15T17:30:23","slug":"auricular-motorola-pulse-120-vincha","status":"publish","type":"product","link":"https:\/\/www.appoloviracel.com.uy\/index.php\/product\/auricular-motorola-pulse-120-vincha\/","title":{"rendered":"Auricular Motorola \u00abPulse 120\u00bb (Vincha)"},"content":{"rendered":"<h2>Caracter\u00edsticas y especificaciones:<\/h2>\n<ul>\n<li>Equipado con un controlador de 40 mm para ofrecer una calidad de sonido impresionante y graves mejorados.<\/li>\n<li>Micr\u00f3fono incorporado para llamadas manos libres. Pulse 120 elimina los problemas de carga con su cable de 3,5 mm que tambi\u00e9n cuenta con un micr\u00f3fono incorporado para llamadas con manos libres..<\/li>\n<li>Simplifica la vida con la voz (Alexa, Siri, Asistente de Google).<\/li>\n<li>Ideado para llevarlo contigo en cualquier lugar, su dise\u00f1o plegable tambi\u00e9n cuenta con almohadillas para los o\u00eddos acolchados para brindar comodidad durante todo el d\u00eda, lo que lo convierte en tu compa\u00f1ero de viaje ideal.<\/li>\n<li>Cable jack 3.5mm.<\/li>\n<li>Plegable compacto para un f\u00e1cil almacenamiento.<\/li>\n<li>Micr\u00f3fono para llamadas manos libres.<\/li>\n<li>Aislamiento de ruido pasivo.<\/li>\n<li>Coj\u00edn sobre la oreja.<\/li>\n<li>Driver potente 40mm.<\/li>\n<\/ul>\n<p><strong>\u00a0<\/strong><\/p>\n<h5><strong>*Las im\u00e1genes son a modo ilustrativo.<\/strong><\/h5>\n","protected":false},"excerpt":{"rendered":"<h3><strong><span style=\"font-family: 'Cambria','serif'; color: #339966;\">$ 850<\/span><\/strong><\/h3>\n","protected":false},"featured_media":43391,"comment_status":"open","ping_status":"closed","template":"","meta":[],"_links":{"self":[{"href":"https:\/\/www.appoloviracel.com.uy\/index.php\/wp-json\/wp\/v2\/product\/43390"}],"collection":[{"href":"https:\/\/www.appoloviracel.com.uy\/index.php\/wp-json\/wp\/v2\/product"}],"about":[{"href":"https:\/\/www.appoloviracel.com.uy\/index.php\/wp-json\/wp\/v2\/types\/product"}],"replies":[{"embeddable":true,"href":"https:\/\/www.appoloviracel.com.uy\/index.php\/wp-json\/wp\/v2\/comments?post=43390"}],"wp:featuredmedia":[{"embeddable":true,"href":"https:\/\/www.appoloviracel.com.uy\/index.php\/wp-json\/wp\/v2\/media\/43391"}],"wp:attachment":[{"href":"https:\/\/www.appoloviracel.com.uy\/index.php\/wp-json\/wp\/v2\/media?parent=43390"}],"curies":[{"name":"wp","href":"https:\/\/api.w.org\/{rel}","templated":true}]}}