{"id":4339,"date":"2021-03-05T20:48:18","date_gmt":"2021-03-05T23:48:18","guid":{"rendered":"https:\/\/www.appoloviracel.com.uy\/?post_type=product&#038;p=4339"},"modified":"2021-03-30T16:46:01","modified_gmt":"2021-03-30T19:46:01","slug":"mini-mouse-inalambrico-logitech-m187","status":"publish","type":"product","link":"https:\/\/www.appoloviracel.com.uy\/index.php\/product\/mini-mouse-inalambrico-logitech-m187\/","title":{"rendered":"Mini Mouse Logitech \u00abM187\u00bb inal\u00e1mbrico"},"content":{"rendered":"<h4>Caracter\u00edsticas y especificaciones:<\/h4>\n<ul>\n<li>Windows 10 or later, Windows 8, Windows 7<\/li>\n<li>Mac OS X 10.10 posterior<\/li>\n<li>Chrome OS<\/li>\n<li>Linux Kernel 2.6+Puerto USB<\/li>\n<li>Tecnolog\u00eda de sensor: Seguimiento \u00f3ptico avanzado<\/li>\n<li>Resoluci\u00f3n de sensor: 1000<\/li>\n<li>N\u00famero de botones: 3<\/li>\n<li>Bot\u00f3n rueda (S\u00ed\/No): S\u00ed<\/li>\n<li>Duraci\u00f3n de bater\u00edas: (duraci\u00f3n de bater\u00edas de hasta 6 meses)<\/li>\n<li>Tipo de bater\u00edas: 1 bater\u00eda AAA<\/li>\n<li>Distancia de funcionamiento inal\u00e1mbrico: Aproximadamente 10 m<\/li>\n<li>Tecnolog\u00eda inal\u00e1mbrica: Conexi\u00f3n inal\u00e1mbrica avanzada de 2,4 GHz<\/li>\n<li>Interfaz: Receptor USB<\/li>\n<li>Garant\u00eda: 1 A\u00f1o contra defecto de fabricaci\u00f3n<\/li>\n<\/ul>\n<p>&nbsp;<\/p>\n<h5><strong>*Las im\u00e1genes son a modo ilustrativo.<\/strong><\/h5>\n","protected":false},"excerpt":{"rendered":"<h3><span style=\"color: #339966;\"><strong>$ 940<\/strong><\/span><\/h3>\n","protected":false},"featured_media":4340,"comment_status":"open","ping_status":"closed","template":"","meta":[],"_links":{"self":[{"href":"https:\/\/www.appoloviracel.com.uy\/index.php\/wp-json\/wp\/v2\/product\/4339"}],"collection":[{"href":"https:\/\/www.appoloviracel.com.uy\/index.php\/wp-json\/wp\/v2\/product"}],"about":[{"href":"https:\/\/www.appoloviracel.com.uy\/index.php\/wp-json\/wp\/v2\/types\/product"}],"replies":[{"embeddable":true,"href":"https:\/\/www.appoloviracel.com.uy\/index.php\/wp-json\/wp\/v2\/comments?post=4339"}],"wp:featuredmedia":[{"embeddable":true,"href":"https:\/\/www.appoloviracel.com.uy\/index.php\/wp-json\/wp\/v2\/media\/4340"}],"wp:attachment":[{"href":"https:\/\/www.appoloviracel.com.uy\/index.php\/wp-json\/wp\/v2\/media?parent=4339"}],"curies":[{"name":"wp","href":"https:\/\/api.w.org\/{rel}","templated":true}]}}