{"id":43380,"date":"2024-12-20T17:30:12","date_gmt":"2024-12-20T20:30:12","guid":{"rendered":"https:\/\/www.appoloviracel.com.uy\/?post_type=product&#038;p=43380"},"modified":"2025-09-12T13:32:35","modified_gmt":"2025-09-12T16:32:35","slug":"celular-samsung-galaxy-a16-5g-256gb-8gb","status":"publish","type":"product","link":"https:\/\/www.appoloviracel.com.uy\/index.php\/product\/celular-samsung-galaxy-a16-5g-256gb-8gb\/","title":{"rendered":"Celular Samsung \u00abGalaxy A16\u00bb 5G (256Gb-8Gb)"},"content":{"rendered":"<h2><strong>Caracter\u00edsticas y especificaciones<\/strong><\/h2>\n<p>El <strong>Samsung Galaxy A16 5G<\/strong> cuenta con una pantalla Super AMOLED de 6.7 pulgadas y 90Hz de refresco. Potenciado por un procesador Exynos 1330 o un Dimensity 6300, dependiendo de la regi\u00f3n, con 8GB de RAM y 256GB de almacenamiento, el Galaxy A16 tiene una c\u00e1mara triple en su posterior liderada por un sensor de 50MP y una c\u00e1mara de 13 megapixels al frente. El Galaxy A16 5G se alimenta de una bater\u00eda de 5000 mAh con soporte para carga r\u00e1pida, tiene lector de huellas lateral, protecci\u00f3n b\u00e1sica contra el polvo y agua y la promesa de seis actualizaciones Android.<\/p>\n<ul>\n<li><strong>Pantalla: 6.7&#8243;, 1080 * 2340 pixels<\/strong><\/li>\n<li><strong>Procesador: Exynos 1330 2.4GHz \/ Dimensity 6300 2.4GHz<\/strong><\/li>\n<li><strong>Memoria RAM: 8GB<\/strong><\/li>\n<li><strong>Almacenamiento: 256GB<\/strong><\/li>\n<li><strong>Expansi\u00f3n: microSD<\/strong><\/li>\n<li><strong>C\u00e1mara: Triple, 50MP+5MP +2MP<\/strong><\/li>\n<li><strong>Bater\u00eda: 5000 mAh<\/strong><\/li>\n<li><strong>OS: Android 14<\/strong><\/li>\n<li><strong>Actualizaciones OS: 6 actualizaciones mayores de OS<\/strong><\/li>\n<li><strong>Soporte: 6 a\u00f1os<\/strong><\/li>\n<li><strong>Perfil: 7.9 mm<\/strong><\/li>\n<li><strong>Peso: 200 grs.<\/strong><\/li>\n<li><strong>S<\/strong>e incluyen los siguientes accesorios: <strong>Cargador y Manual<\/strong><\/li>\n<li><strong>Garant\u00eda:<\/strong> 12 meses contra defecto de fabricaci\u00f3n<\/li>\n<\/ul>\n<h4><strong>\u00a0<\/strong><\/h4>\n<h4><span style=\"color: #ff0000;\"><strong>Contado efectivo: 10% de Descuento<\/strong><\/span><\/h4>\n<h5><strong>*Las im\u00e1genes son a modo ilustrativo.<\/strong><\/h5>\n","protected":false},"excerpt":{"rendered":"<h3><span style=\"color: #339966;\"><strong>U$S 279<\/strong><\/span><\/h3>\n","protected":false},"featured_media":42330,"comment_status":"open","ping_status":"closed","template":"","meta":[],"_links":{"self":[{"href":"https:\/\/www.appoloviracel.com.uy\/index.php\/wp-json\/wp\/v2\/product\/43380"}],"collection":[{"href":"https:\/\/www.appoloviracel.com.uy\/index.php\/wp-json\/wp\/v2\/product"}],"about":[{"href":"https:\/\/www.appoloviracel.com.uy\/index.php\/wp-json\/wp\/v2\/types\/product"}],"replies":[{"embeddable":true,"href":"https:\/\/www.appoloviracel.com.uy\/index.php\/wp-json\/wp\/v2\/comments?post=43380"}],"wp:featuredmedia":[{"embeddable":true,"href":"https:\/\/www.appoloviracel.com.uy\/index.php\/wp-json\/wp\/v2\/media\/42330"}],"wp:attachment":[{"href":"https:\/\/www.appoloviracel.com.uy\/index.php\/wp-json\/wp\/v2\/media?parent=43380"}],"curies":[{"name":"wp","href":"https:\/\/api.w.org\/{rel}","templated":true}]}}