{"id":4335,"date":"2021-03-05T20:40:25","date_gmt":"2021-03-05T23:40:25","guid":{"rendered":"https:\/\/www.appoloviracel.com.uy\/?post_type=product&#038;p=4335"},"modified":"2025-12-01T18:25:33","modified_gmt":"2025-12-01T21:25:33","slug":"kit-teclado-y-mouse-inalambrico-meetion-mini-4000-2-4ghz","status":"publish","type":"product","link":"https:\/\/www.appoloviracel.com.uy\/index.php\/product\/kit-teclado-y-mouse-inalambrico-meetion-mini-4000-2-4ghz\/","title":{"rendered":"Combo Meetion \u00abMini 4000\u00bb Teclado y Mouse inal\u00e1mbrico  (2.4GHz)"},"content":{"rendered":"<h4>Caracter\u00edsticas y especificaciones:<\/h4>\n<ul>\n<li><strong>Dise\u00f1o ergon\u00f3mico del teclado y mouse, bajo ruido de operaci\u00f3n.<\/strong><\/li>\n<li><strong>Tecnolog\u00eda inal\u00e1mbrica de bajo consumo, rango de cobertura de hasta 10M<\/strong><\/li>\n<li><strong>10 teclas de acceso directo para aplicaciones de Internet y multimedia<\/strong><\/li>\n<li><strong>Conexi\u00f3n autom\u00e1tica, sin necesidad de emparejar el receptor con el teclado o el rat\u00f3n.<\/strong><\/li>\n<li><strong>Compatible con Windows XP \/ Vista \/ 7\/8\/10, Mac OS<\/strong><strong><br \/>\n<\/strong><\/li>\n<\/ul>\n<p>&nbsp;<\/p>\n<p><strong>DATOS T\u00c9CNICOS: <\/strong><\/p>\n<ul>\n<li><strong>Modelo: MIni4000<\/strong><\/li>\n<li><strong>Disposici\u00f3n del teclado: 104<\/strong><\/li>\n<li><strong>Resoluci\u00f3n del mouse: 800\/1200\/1600 dpi<\/strong><\/li>\n<li><strong>erfaz: Receptor Nano USB<\/strong><\/li>\n<li><strong>Tipo de bater\u00eda: AA * 1 + AAA * 2<\/strong><\/li>\n<li><strong>Sistemas compatibles: Win XP \/ Vista \/ 7\/8\/10, Mac OS<\/strong><\/li>\n<li><strong>Dimensiones del teclado: 286 * 134 * 22 mm<\/strong><\/li>\n<li><strong>Dimensiones del rat\u00f3n: 105 * 68 * 41 mm<\/strong><\/li>\n<li><strong>Peso: 315 \u00b1 5grs<\/strong><\/li>\n<\/ul>\n<h5><\/h5>\n<h5><strong>*Las im\u00e1genes son a modo ilustrativo.<\/strong><\/h5>\n","protected":false},"excerpt":{"rendered":"<h3><span style=\"color: #339966;\"><strong>$ 1.090<\/strong><\/span><\/h3>\n","protected":false},"featured_media":4336,"comment_status":"open","ping_status":"closed","template":"","meta":[],"_links":{"self":[{"href":"https:\/\/www.appoloviracel.com.uy\/index.php\/wp-json\/wp\/v2\/product\/4335"}],"collection":[{"href":"https:\/\/www.appoloviracel.com.uy\/index.php\/wp-json\/wp\/v2\/product"}],"about":[{"href":"https:\/\/www.appoloviracel.com.uy\/index.php\/wp-json\/wp\/v2\/types\/product"}],"replies":[{"embeddable":true,"href":"https:\/\/www.appoloviracel.com.uy\/index.php\/wp-json\/wp\/v2\/comments?post=4335"}],"wp:featuredmedia":[{"embeddable":true,"href":"https:\/\/www.appoloviracel.com.uy\/index.php\/wp-json\/wp\/v2\/media\/4336"}],"wp:attachment":[{"href":"https:\/\/www.appoloviracel.com.uy\/index.php\/wp-json\/wp\/v2\/media?parent=4335"}],"curies":[{"name":"wp","href":"https:\/\/api.w.org\/{rel}","templated":true}]}}