{"id":4265,"date":"2021-03-04T00:13:07","date_gmt":"2021-03-04T03:13:07","guid":{"rendered":"https:\/\/www.appoloviracel.com.uy\/?post_type=product&#038;p=4265"},"modified":"2023-02-10T13:46:19","modified_gmt":"2023-02-10T16:46:19","slug":"xiaomi-amazfit-gts-2-mini","status":"publish","type":"product","link":"https:\/\/www.appoloviracel.com.uy\/index.php\/product\/xiaomi-amazfit-gts-2-mini\/","title":{"rendered":"Smartwatch Xiaomi \u00abAmazfit GTS2 Mini\u00bb"},"content":{"rendered":"<h4>Caracter\u00edsticas y especificaciones:<\/h4>\n<ul>\n<li>Pantalla: 1,55&#8243; AMOLED, 354 * 306 (301 ppi)<\/li>\n<li>Dimensiones: 40,5 * 35,8 * 8,95 mm<\/li>\n<li>Peso: 19,5 gramos<\/li>\n<li>Bater\u00eda: 220 mAh (duraci\u00f3n 14 d\u00edas)<\/li>\n<li>Resistencia: 5 ATM<\/li>\n<li>Software: Amazfit OS<\/li>\n<li>Conectividad y Sensores: Medici\u00f3n de ox\u00edgeno en sangre SpO2, Aceler\u00f3metro, Bluetooth 5.0, NFC<\/li>\n<li>Otros: Micr\u00f3fono y altavoces<\/li>\n<li><strong>Garant\u00eda<\/strong>: 6 meses contra defecto de fabricaci\u00f3n<\/li>\n<\/ul>\n<h5><\/h5>\n<h4><strong><span style=\"color: #ff0000;\">* La garant\u00eda no cubre falla que se pueda dar por un uso intensivo<\/span>.<\/strong><\/h4>\n<h5><strong>*Las im\u00e1genes son a modo ilustrativo.<\/strong><\/h5>\n","protected":false},"excerpt":{"rendered":"<h3><span style=\"color: #339966;\"><strong>U$S 120<\/strong><\/span><\/h3>\n","protected":false},"featured_media":4266,"comment_status":"open","ping_status":"closed","template":"","meta":[],"_links":{"self":[{"href":"https:\/\/www.appoloviracel.com.uy\/index.php\/wp-json\/wp\/v2\/product\/4265"}],"collection":[{"href":"https:\/\/www.appoloviracel.com.uy\/index.php\/wp-json\/wp\/v2\/product"}],"about":[{"href":"https:\/\/www.appoloviracel.com.uy\/index.php\/wp-json\/wp\/v2\/types\/product"}],"replies":[{"embeddable":true,"href":"https:\/\/www.appoloviracel.com.uy\/index.php\/wp-json\/wp\/v2\/comments?post=4265"}],"wp:featuredmedia":[{"embeddable":true,"href":"https:\/\/www.appoloviracel.com.uy\/index.php\/wp-json\/wp\/v2\/media\/4266"}],"wp:attachment":[{"href":"https:\/\/www.appoloviracel.com.uy\/index.php\/wp-json\/wp\/v2\/media?parent=4265"}],"curies":[{"name":"wp","href":"https:\/\/api.w.org\/{rel}","templated":true}]}}