{"id":4257,"date":"2021-03-03T23:01:16","date_gmt":"2021-03-04T02:01:16","guid":{"rendered":"https:\/\/www.appoloviracel.com.uy\/?post_type=product&#038;p=4257"},"modified":"2021-04-20T13:10:10","modified_gmt":"2021-04-20T16:10:10","slug":"xiaomi-amazfit-gts","status":"publish","type":"product","link":"https:\/\/www.appoloviracel.com.uy\/index.php\/product\/xiaomi-amazfit-gts\/","title":{"rendered":"Smartwatch Xiaomi \u00abAmazfit GTS\u00bb"},"content":{"rendered":"<h4>Caracter\u00edsticas y especificaciones:<\/h4>\n<ol>\n<li>Dimensiones: 43.25 * 36.25 * 9.4mm<br \/>\nPeso (sin correa): Aproximadamente 24,8grs.<br \/>\nMaterial del cuerpo: Aleaci\u00f3n de aluminio de grado aeron\u00e1utico, material polim\u00e9rico<br \/>\nMaterial de la correa: Silicona<br \/>\nLongitud de la correa: 120 mm (largo), 87 mm (corto)<br \/>\nAncho de correa: 20 mm<br \/>\nClasificaci\u00f3n de resistencia al agua: 5 ATM<br \/>\nPantalla: 1,65&#8243; AMOLED, resoluci\u00f3n 348 * 442, 341 ppi, 100 % NTSC<br \/>\nPantalla t\u00e1ctil: Cristal templado Corning Gorilla 3 + revestimiento antihuellas<br \/>\nSensores:<br \/>\n&#8211; Sensor \u00f3ptico Bio TrackerTM PPG<br \/>\n&#8211; Sensor de aceleraci\u00f3n de 6 ejes<br \/>\n&#8211; Sensor geomagn\u00e9tico de 3 ejes<br \/>\n&#8211; Sensor de presi\u00f3n de aire<br \/>\n&#8211; Sensor de luz de ambiente<br \/>\nBluetooth: BT5.0 BLE<br \/>\nBater\u00eda: pol\u00edmero de iones de litio de 220 mAh<br \/>\nTiempo de carga: 2 horas aprox.<br \/>\nDispositivos compatibles: Android 5.0 o iOS 10.0 y superior.<\/li>\n<li><strong>\u00a0\u00a0 Garant\u00eda<\/strong>: 6 meses contra defecto de fabricaci\u00f3n<\/li>\n<\/ol>\n<h5><\/h5>\n<h4><span style=\"color: #ff0000;\"><strong>* La garant\u00eda no cubre falla que se pueda dar por un uso intensivo.<\/strong><\/span><\/h4>\n<h5><strong>*Las im\u00e1genes son a modo ilustrativo.<\/strong><\/h5>\n","protected":false},"excerpt":{"rendered":"<h3><span style=\"color: #339966;\"><strong>U$S 179<\/strong><\/span><\/h3>\n","protected":false},"featured_media":4258,"comment_status":"open","ping_status":"closed","template":"","meta":[],"_links":{"self":[{"href":"https:\/\/www.appoloviracel.com.uy\/index.php\/wp-json\/wp\/v2\/product\/4257"}],"collection":[{"href":"https:\/\/www.appoloviracel.com.uy\/index.php\/wp-json\/wp\/v2\/product"}],"about":[{"href":"https:\/\/www.appoloviracel.com.uy\/index.php\/wp-json\/wp\/v2\/types\/product"}],"replies":[{"embeddable":true,"href":"https:\/\/www.appoloviracel.com.uy\/index.php\/wp-json\/wp\/v2\/comments?post=4257"}],"wp:featuredmedia":[{"embeddable":true,"href":"https:\/\/www.appoloviracel.com.uy\/index.php\/wp-json\/wp\/v2\/media\/4258"}],"wp:attachment":[{"href":"https:\/\/www.appoloviracel.com.uy\/index.php\/wp-json\/wp\/v2\/media?parent=4257"}],"curies":[{"name":"wp","href":"https:\/\/api.w.org\/{rel}","templated":true}]}}