{"id":4235,"date":"2021-03-03T20:26:33","date_gmt":"2021-03-03T23:26:33","guid":{"rendered":"https:\/\/www.appoloviracel.com.uy\/?post_type=product&#038;p=4235"},"modified":"2022-10-17T19:06:02","modified_gmt":"2022-10-17T22:06:02","slug":"hyundai-pulse-4","status":"publish","type":"product","link":"https:\/\/www.appoloviracel.com.uy\/index.php\/product\/hyundai-pulse-4\/","title":{"rendered":"Smartwatch Hyundai \u00abPulse 4\u00bb"},"content":{"rendered":"<h4>Caracter\u00edsticas y especificaciones:<\/h4>\n<p>El nuevo Smartwatch de\u00a0<strong>Hyundai<\/strong>\u00a0<strong>Pulse P240<\/strong>\u00a0cuenta con una CPU HS6620D, funciona con 128kb de RAM y 256kb de ROM. Es completamente compatible con\u00a0<strong>Android OS e iOS\u00a0<\/strong>(Apple)<strong>\u00a0<\/strong>y es capaz de mostrar notificaicones emergentes (llamadas entrantes, mensajes en tiempo real, notificaciones de todas las apps de tu tel\u00e9fono, sms, etc.. Cuenta con una pantalla AMOLED de 1.3&#8243; con una resoluci\u00f3n de 240&#215;240 p\u00edxeles. Sus dimensiones son 50 x 45 x 9.6 mm.<br \/>\nCuenta con varios sensores que complementan su funcionamiento: Sensor de frecuencia card\u00edaca o (HRS3300DS), Sensor de gravedad, Sensor de nivel de oxigeno en sangre y Sensor de presi\u00f3n. Funciona con bluetooth 4.0 BLE y cuenta con una bateria de 140 mAh, brindando un tiempo de trabajo de aproximadamente 3 d\u00edas.<\/p>\n<ul>\n<li>Smartwatch Hyundai Pulse 4 P240 Pantalla Amoled Bluetooth<\/li>\n<li>Alta Resolucion 240*240 Pixels<\/li>\n<li>Pantalla: 1.3\u201d Colorful TFT<\/li>\n<li>IP64 Rango de resistencia al agua<\/li>\n<li>Notificaciones: Llamadas Entrantes, Mensajes, SNS<\/li>\n<li>Monitor Din\u00e1mico de Frecuencia Card\u00edaca<\/li>\n<\/ul>\n<p>&nbsp;<\/p>\n<p>El reloj cuenta con:<\/p>\n<ul>\n<li>Ped\u00f3metro: Rastreo de pasos y millas recorridas y c\u00e1lculo de calor\u00edas.<\/li>\n<li>Escucha tu m\u00fasica con conexi\u00f3n bluetooth<\/li>\n<li><strong>Garant\u00eda<\/strong>: 3 meses contra defecto de fabricaci\u00f3n<\/li>\n<\/ul>\n<h5><\/h5>\n<h4><span style=\"color: #ff0000;\"><strong>* La garant\u00eda no cubre falla que se pueda dar por un uso intensivo.<\/strong><\/span><\/h4>\n<h5><strong>*Las im\u00e1genes son a modo ilustrativo.<\/strong><\/h5>\n","protected":false},"excerpt":{"rendered":"<h3><span style=\"color: #ff0000;\"><strong>\u00abArt\u00edculo Agotado\u00bb<\/strong><\/span><\/h3>\n<h3><span style=\"color: #ff0000;\"><strong>\u00a0<\/strong><\/span><\/h3>\n","protected":false},"featured_media":4236,"comment_status":"open","ping_status":"closed","template":"","meta":[],"_links":{"self":[{"href":"https:\/\/www.appoloviracel.com.uy\/index.php\/wp-json\/wp\/v2\/product\/4235"}],"collection":[{"href":"https:\/\/www.appoloviracel.com.uy\/index.php\/wp-json\/wp\/v2\/product"}],"about":[{"href":"https:\/\/www.appoloviracel.com.uy\/index.php\/wp-json\/wp\/v2\/types\/product"}],"replies":[{"embeddable":true,"href":"https:\/\/www.appoloviracel.com.uy\/index.php\/wp-json\/wp\/v2\/comments?post=4235"}],"wp:featuredmedia":[{"embeddable":true,"href":"https:\/\/www.appoloviracel.com.uy\/index.php\/wp-json\/wp\/v2\/media\/4236"}],"wp:attachment":[{"href":"https:\/\/www.appoloviracel.com.uy\/index.php\/wp-json\/wp\/v2\/media?parent=4235"}],"curies":[{"name":"wp","href":"https:\/\/api.w.org\/{rel}","templated":true}]}}